{"id":881,"date":"2025-03-26T13:01:10","date_gmt":"2025-03-26T13:01:10","guid":{"rendered":"https:\/\/www.denkende-haende.de\/pie-de-imprenta\/"},"modified":"2025-04-16T09:40:38","modified_gmt":"2025-04-16T09:40:38","slug":"pie-de-imprenta","status":"publish","type":"page","link":"https:\/\/www.denkende-haende.de\/es\/pie-de-imprenta\/","title":{"rendered":"Pie de imprenta"},"content":{"rendered":"\t\t<div data-elementor-type=\"wp-page\" data-elementor-id=\"881\" class=\"elementor elementor-881 elementor-258\" data-elementor-post-type=\"page\">\n\t\t\t\t\t\t<section class=\"elementor-section elementor-top-section elementor-element elementor-element-9a58d3e elementor-section-height-min-height elementor-section-boxed elementor-section-height-default elementor-section-items-middle\" data-id=\"9a58d3e\" data-element_type=\"section\" data-settings=\"{&quot;background_background&quot;:&quot;classic&quot;}\">\n\t\t\t\t\t\t<div class=\"elementor-container elementor-column-gap-default\">\n\t\t\t\t\t<div class=\"elementor-column elementor-col-100 elementor-top-column elementor-element elementor-element-4b635b9\" data-id=\"4b635b9\" data-element_type=\"column\">\n\t\t\t<div class=\"elementor-widget-wrap elementor-element-populated\">\n\t\t\t\t\t\t<div class=\"elementor-element elementor-element-f1bade4 elementor-widget elementor-widget-heading\" data-id=\"f1bade4\" data-element_type=\"widget\" data-widget_type=\"heading.default\">\n\t\t\t\t<div class=\"elementor-widget-container\">\n\t\t\t\t\t<h2 class=\"elementor-heading-title elementor-size-default\">Pie de imprenta<\/h2>\t\t\t\t<\/div>\n\t\t\t\t<\/div>\n\t\t\t\t\t<\/div>\n\t\t<\/div>\n\t\t\t\t\t<\/div>\n\t\t<\/section>\n\t\t\t\t<section class=\"elementor-section elementor-top-section elementor-element elementor-element-b440306 elementor-section-boxed elementor-section-height-default elementor-section-height-default\" data-id=\"b440306\" data-element_type=\"section\">\n\t\t\t\t\t\t<div class=\"elementor-container elementor-column-gap-default\">\n\t\t\t\t\t<div class=\"elementor-column elementor-col-100 elementor-top-column elementor-element elementor-element-a30af4f\" data-id=\"a30af4f\" data-element_type=\"column\">\n\t\t\t<div class=\"elementor-widget-wrap elementor-element-populated\">\n\t\t\t\t\t\t<div class=\"elementor-element elementor-element-6651409 elementor-widget__width-initial elementor-widget elementor-widget-text-editor\" data-id=\"6651409\" data-element_type=\"widget\" data-widget_type=\"text-editor.default\">\n\t\t\t\t<div class=\"elementor-widget-container\">\n\t\t\t\t\t\t\t\t\t<h3>Informaci\u00f3n seg\u00fan \u00a7 5 TMG<\/h3><h4> <\/h4><h4>Proveedor<\/h4><p>Sylvia Kr\u00fcger<br><a href=\"https:\/\/www.denkende-haende.de\/\" target=\"_blank\" rel=\"noopener\">Praxis Denkende H\u00e4nde<\/a><br>Rheingoldstra\u00dfe 75<br>68199 Mannheim<br>Alemania<\/p><p>M\u00f3vil: +49 (0) 174 \/ 313 7881<br>Correo electr\u00f3nico: <a href=\"mailto:sylvia@psy-coaching.de\">sylvia@psy-coaching.de<\/a><br>P\u00e1gina web: <a href=\"http:\/\/www.psy-coaching.de\/\" target=\"_blank\" rel=\"noopener\">www.psy-coaching.de<\/a><\/p><p> <\/p><h4>Puesto<\/h4><p>Profesional alternativo (concedido en Alemania en 2010)<\/p><p> <\/p><h4>Base jur\u00eddica<\/h4><p>Ejercicio de la actividad de conformidad con la \u00abBerufsordnung f\u00fcr Heilpraktiker\u00bb (BOH) y la \u00abGesetz \u00fcber die berufsm\u00e4\u00dfige Aus\u00fcbung der Heilkunde ohne Bestallung\u00bb (Heilpraktikergesetz).<br>Ley sobre el ejercicio profesional de la medicina sin licencia m\u00e9dica (Heilpraktikergesetz) y ordenanza de aplicaci\u00f3n:<\/p><p><a href=\"http:\/\/www.gesetze-im-internet.de\/heilprg\/index.html\" target=\"_blank\" rel=\"noopener\">http:\/\/www.gesetze-im-internet.de\/heilprg\/index.html<\/a><br><a href=\"http:\/\/www.gesetze-im-internet.de\/heilprgdv_1\/index.html\" target=\"_blank\" rel=\"noopener\">http:\/\/www.gesetze-im-internet.de\/heilprgdv_1\/index.html<\/a><\/p><p> <\/p><h4>Autoridad de control competente<\/h4><p>Departamento de Salud de Karlsruhe, Wolfartsweierer Str. 5b, 76131 Karlsruhe,<br><a href=\"https:\/\/www.landkreis-karlsruhe.de\/Service-Verwaltung\/Verwaltung\/Dezernate-%C3%84mter\/Recht-Ordnung\/Gesundheitsamt\/\" target=\"_blank\" rel=\"noopener\">https:\/\/www.landkreis-karlsruhe.de\/Service-Verwaltung\/Verwaltung\/Dezernate-\u00c4mter\/Recht-Ordnung\/Gesundheitsamt\/<\/a><\/p><p> <\/p><h4>Informaci\u00f3n sobre el seguro de responsabilidad profesional<\/h4><p>Nombre y domicilio social del asegurador:<br>Die Continentale Versicherung AG, Ruhrallee 92, 44139 Dortmund<\/p><p>\u00c1mbito de validez del seguro:<br>Rep\u00fablica Federal de Alemania<\/p><p> <\/p><h4>Protecci\u00f3n de datos<\/h4><p>Puedes encontrar informaci\u00f3n detallada sobre el tema de la protecci\u00f3n de datos en la <a href=\"https:\/\/www.psy-coaching.de\/datenschutz\/\" target=\"_blank\" rel=\"noopener\">pol\u00edtica de privacidad<\/a>.<\/p><p> <\/p><h4>Fuentes de im\u00e1genes<\/h4><p>En este sitio web tambi\u00e9n se utilizan im\u00e1genes de bases de datos de im\u00e1genes, las llamadas fotos de archivo. \u00c9stas han sido autorizadas por el dise\u00f1ador de este sitio web y utilizadas en el contexto del proyecto. Para garantizar una atribuci\u00f3n clara de las im\u00e1genes, la informaci\u00f3n de la fuente se ha colocado directamente en la imagen siempre que ha sido posible.  <\/p>\t\t\t\t\t\t\t\t<\/div>\n\t\t\t\t<\/div>\n\t\t\t\t\t<\/div>\n\t\t<\/div>\n\t\t\t\t\t<\/div>\n\t\t<\/section>\n\t\t\t\t<\/div>\n\t\t","protected":false},"excerpt":{"rendered":"<p>Pie de imprenta Informaci\u00f3n seg\u00fan \u00a7 5 TMG Proveedor Sylvia Kr\u00fcgerPraxis Denkende H\u00e4ndeRheingoldstra\u00dfe 7568199 MannheimAlemania M\u00f3vil: +49 (0) 174 \/ 313 7881Correo electr\u00f3nico: sylvia@psy-coaching.deP\u00e1gina web: www.psy-coaching.de Puesto Profesional alternativo (concedido en Alemania en 2010) Base jur\u00eddica Ejercicio de la actividad de conformidad con la \u00abBerufsordnung f\u00fcr Heilpraktiker\u00bb (BOH) y la \u00abGesetz \u00fcber die berufsm\u00e4\u00dfige Aus\u00fcbung [&hellip;]<\/p>\n","protected":false},"author":1,"featured_media":0,"parent":0,"menu_order":0,"comment_status":"closed","ping_status":"closed","template":"","meta":{"footnotes":""},"class_list":["post-881","page","type-page","status-publish","hentry"],"_links":{"self":[{"href":"https:\/\/www.denkende-haende.de\/es\/wp-json\/wp\/v2\/pages\/881","targetHints":{"allow":["GET"]}}],"collection":[{"href":"https:\/\/www.denkende-haende.de\/es\/wp-json\/wp\/v2\/pages"}],"about":[{"href":"https:\/\/www.denkende-haende.de\/es\/wp-json\/wp\/v2\/types\/page"}],"author":[{"embeddable":true,"href":"https:\/\/www.denkende-haende.de\/es\/wp-json\/wp\/v2\/users\/1"}],"replies":[{"embeddable":true,"href":"https:\/\/www.denkende-haende.de\/es\/wp-json\/wp\/v2\/comments?post=881"}],"version-history":[{"count":1,"href":"https:\/\/www.denkende-haende.de\/es\/wp-json\/wp\/v2\/pages\/881\/revisions"}],"predecessor-version":[{"id":882,"href":"https:\/\/www.denkende-haende.de\/es\/wp-json\/wp\/v2\/pages\/881\/revisions\/882"}],"wp:attachment":[{"href":"https:\/\/www.denkende-haende.de\/es\/wp-json\/wp\/v2\/media?parent=881"}],"curies":[{"name":"wp","href":"https:\/\/api.w.org\/{rel}","templated":true}]}}