{"id":877,"date":"2025-03-26T13:03:49","date_gmt":"2025-03-26T13:03:49","guid":{"rendered":"https:\/\/www.denkende-haende.de\/proteccion-de-datos\/"},"modified":"2025-04-16T09:39:34","modified_gmt":"2025-04-16T09:39:34","slug":"proteccion-de-datos","status":"publish","type":"page","link":"https:\/\/www.denkende-haende.de\/es\/proteccion-de-datos\/","title":{"rendered":"Protecci\u00f3n de datos"},"content":{"rendered":"\t\t<div data-elementor-type=\"wp-page\" data-elementor-id=\"877\" class=\"elementor elementor-877 elementor-266\" data-elementor-post-type=\"page\">\n\t\t\t\t\t\t<section class=\"elementor-section elementor-top-section elementor-element elementor-element-d708933 elementor-section-height-min-height elementor-section-boxed elementor-section-height-default elementor-section-items-middle\" data-id=\"d708933\" data-element_type=\"section\" data-settings=\"{&quot;background_background&quot;:&quot;classic&quot;}\">\n\t\t\t\t\t\t<div class=\"elementor-container elementor-column-gap-default\">\n\t\t\t\t\t<div class=\"elementor-column elementor-col-100 elementor-top-column elementor-element elementor-element-9b468c4\" data-id=\"9b468c4\" data-element_type=\"column\">\n\t\t\t<div class=\"elementor-widget-wrap elementor-element-populated\">\n\t\t\t\t\t\t<div class=\"elementor-element elementor-element-4d083ae elementor-widget elementor-widget-heading\" data-id=\"4d083ae\" data-element_type=\"widget\" data-widget_type=\"heading.default\">\n\t\t\t\t<div class=\"elementor-widget-container\">\n\t\t\t\t\t<h2 class=\"elementor-heading-title elementor-size-default\">Protecci\u00f3n de datos<\/h2>\t\t\t\t<\/div>\n\t\t\t\t<\/div>\n\t\t\t\t\t<\/div>\n\t\t<\/div>\n\t\t\t\t\t<\/div>\n\t\t<\/section>\n\t\t\t\t<section class=\"elementor-section elementor-top-section elementor-element elementor-element-10a9039 elementor-section-boxed elementor-section-height-default elementor-section-height-default\" data-id=\"10a9039\" data-element_type=\"section\">\n\t\t\t\t\t\t<div class=\"elementor-container elementor-column-gap-default\">\n\t\t\t\t\t<div class=\"elementor-column elementor-col-100 elementor-top-column elementor-element elementor-element-8468145\" data-id=\"8468145\" data-element_type=\"column\">\n\t\t\t<div class=\"elementor-widget-wrap elementor-element-populated\">\n\t\t\t\t\t\t<div class=\"elementor-element elementor-element-434103d elementor-widget__width-initial elementor-widget elementor-widget-text-editor\" data-id=\"434103d\" data-element_type=\"widget\" data-widget_type=\"text-editor.default\">\n\t\t\t\t<div class=\"elementor-widget-container\">\n\t\t\t\t\t\t\t\t\t<h3>1. la protecci\u00f3n de datos de un vistazo<\/h3><p><strong>Informaci\u00f3n general<\/strong><br>La siguiente informaci\u00f3n proporciona una visi\u00f3n sencilla de lo que ocurre con tus datos personales cuando visitas este sitio web. Por datos personales se entiende cualquier dato que pueda utilizarse para identificarte personalmente. Puedes encontrar informaci\u00f3n detallada sobre el tema de la protecci\u00f3n de datos en<br>, en nuestra pol\u00edtica de privacidad que aparece debajo de este texto.  <\/p><p><strong>Recogida de datos en este sitio web<\/strong><br>\u00bfQui\u00e9n es responsable de la recogida de datos en este sitio web? El tratamiento de datos en este sitio web lo lleva a cabo el operador del sitio web. Puedes encontrar los datos de contacto del operador en la secci\u00f3n \u00abInformaci\u00f3n sobre el responsable del tratamiento\u00bb de esta pol\u00edtica de privacidad.  <\/p><p><strong>\u00bfC\u00f3mo recogemos tus datos?<\/strong><br>Por un lado, tus datos se recogen cuando nos los proporcionas. Puede tratarse, por ejemplo, de los datos que introduces en un formulario de contacto.<br>Nuestros sistemas inform\u00e1ticos recogen otros datos autom\u00e1ticamente o con tu consentimiento cuando visitas el sitio web. Se trata principalmente de datos t\u00e9cnicos (por ejemplo, navegador de Internet, sistema operativo o tiempo de visualizaci\u00f3n de la p\u00e1gina). Estos datos se recogen autom\u00e1ticamente en cuanto entras en este sitio web.   <\/p><p><strong>\u00bfPara qu\u00e9 utilizamos tus datos?<\/strong><br>Algunos de los datos se recogen para garantizar que el sitio web se proporciona sin errores. Otros datos pueden utilizarse para analizar tu comportamiento como usuario. <\/p><p><strong>\u00bfQu\u00e9 derechos tienes en relaci\u00f3n con tus datos?<\/strong><br>Tienes derecho a recibir informaci\u00f3n sobre el origen, destinatario y finalidad de tus datos personales almacenados de forma gratuita en cualquier momento. Tambi\u00e9n tienes derecho a solicitar la correcci\u00f3n o eliminaci\u00f3n de estos datos. Si has dado tu consentimiento al tratamiento de datos, puedes revocarlo en cualquier momento para el futuro. Tambi\u00e9n tienes derecho a solicitar la limitaci\u00f3n del tratamiento de tus datos personales en determinadas circunstancias.<br>Tambi\u00e9n tienes derecho a presentar una reclamaci\u00f3n ante la autoridad de control competente. Puedes ponerte en contacto con nosotros en cualquier momento si tienes m\u00e1s preguntas sobre el tema de la protecci\u00f3n de datos.    <\/p><p> <\/p><h3>2. alojamiento<\/h3><p><strong>IONOS<\/strong><br>Alojamos nuestro sitio web con IONOS SE. El proveedor es IONOS SE, Elgendorfer Str. 57, 56410 Montabaur (en adelante, IONOS). Cuando visitas nuestro sitio web, IONOS recopila varios archivos de registro, incluidas tus direcciones IP. Puedes encontrar m\u00e1s detalles en la pol\u00edtica de privacidad de IONOS:   <br><a href=\"https:\/\/www.ionos.de\/terms-gtc\/terms-privacy\" target=\"_blank\" rel=\"noopener\">https:\/\/www.ionos.de\/terms-gtc\/terms-privacy.<\/a><\/p><p>El uso de IONOS se basa en el Art. 6 p\u00e1rr. 1 lit. f GDPR. Tenemos un inter\u00e9s leg\u00edtimo en mostrar nuestro sitio web de la forma m\u00e1s fiable posible. Si se ha solicitado el correspondiente consentimiento, el tratamiento se lleva a cabo exclusivamente sobre la base del Art. 6 p\u00e1rr. 1 lit. a GDPR y \u00a7 25 p\u00e1rr. 1 TTDSG, en la medida en que el consentimiento incluya el almacenamiento de cookies o el acceso a informaci\u00f3n en el dispositivo terminal del usuario (por ejemplo, huella digital del dispositivo) en el sentido de la TTDSG. El consentimiento puede ser revocado en cualquier momento.        <\/p><p> <\/p><h3>3 Notas generales e informaci\u00f3n obligatoria<\/h3><p><strong>Protecci\u00f3n de datos<\/strong><br>Los operadores de este sitio web se toman muy en serio la protecci\u00f3n de tus datos personales. Tratamos tus datos personales de forma confidencial y de acuerdo con las normas legales de protecci\u00f3n de datos y esta pol\u00edtica de privacidad.<br>Cuando utilizas este sitio web, se recopilan diversos datos personales. Los datos personales son datos que pueden utilizarse para identificarte personalmente. Esta pol\u00edtica de privacidad explica qu\u00e9 datos recogemos y para qu\u00e9 los utilizamos. Tambi\u00e9n explica c\u00f3mo lo hace<br>y con qu\u00e9 finalidad. Nos gustar\u00eda se\u00f1alar que la transmisi\u00f3n de datos a trav\u00e9s de Internet (por ejemplo, al comunicarse por correo electr\u00f3nico)<br>puede estar sujeta a vulnerabilidades de seguridad. No es posible una protecci\u00f3n completa de los datos contra el acceso de terceros.      <\/p><p><strong>Informaci\u00f3n sobre el organismo responsable<br><\/strong>El organismo responsable del tratamiento de datos en este sitio web es<\/p><p>Sylvia Kr\u00fcger<br>Praxis Denkende H\u00e4nde<br>Rheingoldstra\u00dfe 75<br>68199 Mannheim<br>Alemania<\/p><p>Tel\u00e9fono: +49 (0) 621\/713 099 35<br>M\u00f3vil: +49 (0) 174 \/ 313 7881<br>Correo electr\u00f3nico: <a href=\"mailto:sylvia@psy-coaching.de\">sylvia@psy-coaching.de<\/a><\/p><p>El responsable del tratamiento es la persona f\u00edsica o jur\u00eddica que, sola o conjuntamente con otras, determina los fines y los medios del tratamiento de los datos personales (por ejemplo, nombres, direcciones de correo electr\u00f3nico, etc.).<\/p><p><strong>Periodo de almacenamiento<br><\/strong>A menos que se haya especificado un periodo de almacenamiento m\u00e1s concreto en esta pol\u00edtica de privacidad, tus datos personales permanecer\u00e1n con nosotros hasta que deje de aplicarse el prop\u00f3sito para el que fueron procesados. Si haces valer una solicitud justificada de supresi\u00f3n o revocas tu consentimiento para el tratamiento de datos, tus datos se suprimir\u00e1n, a menos que tengamos otros motivos legalmente permitidos para almacenar tus datos personales (por ejemplo, periodos de conservaci\u00f3n en virtud de la legislaci\u00f3n fiscal o mercantil); en este \u00faltimo caso, la supresi\u00f3n se producir\u00e1 cuando dejen de aplicarse dichos motivos. <\/p><p><strong>Informaci\u00f3n general sobre la base jur\u00eddica para el procesamiento de datos en este sitio web<\/strong><br>Si has dado tu consentimiento para el procesamiento de datos, procesamos tus datos personales sobre la base del Art. 6 p\u00e1rr. 1 lit. a GDPR o del Art. 9 p\u00e1rr. 2 lit. a GDPR, en la medida en que se procesen categor\u00edas especiales de datos de conformidad con el Art. 9 p\u00e1rr. 1 GDPR. En caso de consentimiento expreso a la transferencia de datos personales a terceros pa\u00edses, el tratamiento de datos tambi\u00e9n se lleva a cabo sobre la base del Art. 49 p\u00e1rr. 1 lit. a GDPR. Si has consentido el almacenamiento de cookies o el acceso a informaci\u00f3n en tu dispositivo final (por ejemplo, a trav\u00e9s de la huella digital del dispositivo), el tratamiento de datos tambi\u00e9n se lleva a cabo sobre la base del Art. 25 (1) del GDPR. El consentimiento puede revocarse en cualquier momento. Si tus datos son necesarios para cumplir un contrato o para llevar a cabo medidas precontractuales, procesamos tus datos sobre la base del Art. 6 p\u00e1rr. 1 lit. b GDPR. Adem\u00e1s, procesamos tus datos si es necesario para cumplir una obligaci\u00f3n legal sobre la base del Art. 6 p\u00e1rr. 1 lit. c GDPR. El tratamiento de datos tambi\u00e9n puede llevarse a cabo sobre la base de nuestro inter\u00e9s leg\u00edtimo de conformidad con el Art. 6 p\u00e1rr. 1 lit. f GDPR. En los p\u00e1rrafos siguientes de esta pol\u00edtica de privacidad se proporciona informaci\u00f3n sobre las bases jur\u00eddicas pertinentes en cada caso concreto.                     <\/p><p><strong>Retirada de tu consentimiento para el tratamiento de datos<\/strong><br>Muchas operaciones de tratamiento de datos s\u00f3lo son posibles con tu consentimiento expreso. Puedes revocar tu consentimiento en cualquier momento. La legalidad del tratamiento de datos realizado hasta la revocaci\u00f3n no se ver\u00e1 afectada por \u00e9sta.  <\/p><p><strong>Derecho a oponerse a la recogida de datos en casos especiales y al marketing directo (Art. 21 GDPR)<\/strong><br>SI EL TRATAMIENTO DE DATOS SE BASA EN EL ART. 6 ABS. 1 LIT. E O F DEL RPPD, TIENES DERECHO A OPONERTE AL TRATAMIENTO DE TUS DATOS PERSONALES EN CUALQUIER MOMENTO POR MOTIVOS RELACIONADOS CON TU SITUACI\u00d3N PARTICULAR; ESTO TAMBI\u00c9N SE APLICA A LA ELABORACI\u00d3N DE PERFILES BASADA EN ESTAS DISPOSICIONES. LA BASE JUR\u00cdDICA RESPECTIVA EN LA QUE SE BASA EL TRATAMIENTO SE PUEDE ENCONTRAR EN ESTA POL\u00cdTICA DE PRIVACIDAD. SI TE OPONES, DEJAREMOS DE TRATAR TUS DATOS PERSONALES EN CUESTI\u00d3N, A MENOS QUE PODAMOS DEMOSTRAR MOTIVOS LEG\u00cdTIMOS IMPERIOSOS PARA EL TRATAMIENTO QUE PREVALEZCAN SOBRE TUS INTERESES, DERECHOS Y LIBERTADES, O QUE EL TRATAMIENTO SIRVA PARA EL RECONOCIMIENTO, EJERCICIO O DEFENSA DE RECLAMACIONES LEGALES (OPOSICI\u00d3N CONFORME AL ART. 21 P\u00c1RR. 1 DEL GDPR). SI TUS DATOS PERSONALES SE PROCESAN CON FINES DE MARKETING DIRECTO, TIENES DERECHO A OPONERTE EN CUALQUIER MOMENTO AL PROCESAMIENTO DE LOS DATOS PERSONALES QUE TE CONCIERNEN CON FINES DE DICHO MARKETING; ESTO TAMBI\u00c9N SE APLICA A LA ELABORACI\u00d3N DE PERFILES EN LA MEDIDA EN QUE EST\u00c9 RELACIONADA CON DICHO MARKETING DIRECTO. SI TE OPONES, TUS DATOS PERSONALES DEJAR\u00c1N DE UTILIZARSE POSTERIORMENTE PARA FINES DE MARKETING DIRECTO (OPOSICI\u00d3N CONFORME AL ART. 21, P\u00c1RRAFO 2 DEL GDPR).      <\/p><p><strong>Derecho a presentar una reclamaci\u00f3n ante la autoridad<\/strong> de control <strong>competente<\/strong><br>En caso de infracci\u00f3n del RGPD, los interesados tienen derecho a presentar una reclamaci\u00f3n ante una autoridad de control, en particular en el Estado miembro de su residencia habitual, lugar de trabajo o lugar de la presunta infracci\u00f3n. El derecho a presentar una reclamaci\u00f3n se entiende sin perjuicio de cualquier otro recurso administrativo o judicial de<br>. <\/p><p><strong>Derecho a la portabilidad de los datos<\/strong><br>Tienes derecho a que los datos que procesamos autom\u00e1ticamente sobre la base de tu consentimiento o en cumplimiento de un contrato te sean entregados a ti o a un tercero en un formato de uso com\u00fan legible por m\u00e1quina. Si solicitas la transferencia directa de los datos a otro responsable del tratamiento, s\u00f3lo se har\u00e1 en la medida en que sea t\u00e9cnicamente factible. <\/p><p><strong>Encriptaci\u00f3n<\/strong> SSL o TLS<br>Este sitio utiliza encriptaci\u00f3n SSL o TLS por razones de seguridad y para proteger la transmisi\u00f3n de contenido confidencial, como pedidos o consultas que nos env\u00edas como operador del sitio. Puedes reconocer una conexi\u00f3n encriptada por el hecho de que la l\u00ednea de direcci\u00f3n del navegador cambia de<br>\u00abhttp:\/\/\u00bb a \u00abhttps:\/\/\u00bb y por el s\u00edmbolo del candado en la l\u00ednea de tu navegador. Si la encriptaci\u00f3n SSL o TLS est\u00e1 activada, los datos que nos transmitas no podr\u00e1n ser le\u00eddos por terceros.  <\/p><p><strong>Informaci\u00f3n, supresi\u00f3n y rectificaci\u00f3n<\/strong><br>Dentro del \u00e1mbito de las disposiciones legales aplicables, tienes derecho a obtener informaci\u00f3n gratuita en cualquier momento sobre tus datos personales almacenados, su origen y destinatarios y la finalidad del tratamiento de datos y, si procede, derecho a la rectificaci\u00f3n o supresi\u00f3n de estos datos. Puedes ponerte en contacto con nosotros en cualquier momento en<br>si tienes m\u00e1s preguntas sobre el tema de los datos personales. <\/p><p><strong>Derecho a la limitaci\u00f3n del tratamiento<\/strong><br>Tienes derecho a solicitar la limitaci\u00f3n del tratamiento de tus datos personales. Para ello, puedes ponerte en contacto con nosotros en cualquier momento. El derecho a la limitaci\u00f3n del tratamiento existe en los siguientes casos  <\/p><ul><li>Si impugnas la exactitud de tus datos personales almacenados por nosotros, generalmente necesitamos tiempo para comprobarlo. Mientras dure la revisi\u00f3n, tienes derecho a solicitar que se restrinja el tratamiento de tus datos personales. <\/li><li>Si el tratamiento de tus datos personales fue\/es ilegal, puedes solicitar la limitaci\u00f3n del tratamiento de datos en lugar de su supresi\u00f3n.<\/li><li>Si ya no necesitamos tus datos personales, pero t\u00fa los necesitas para el ejercicio, defensa o reclamaci\u00f3n de acciones legales, tienes derecho a solicitar la limitaci\u00f3n del tratamiento de tus datos personales en lugar de su supresi\u00f3n.<\/li><li>Si has presentado una objeci\u00f3n de acuerdo con el Art. 21 (1) GDPR, se debe alcanzar un equilibrio entre tus intereses y los nuestros. Mientras no se haya determinado qu\u00e9 intereses prevalecen, tienes derecho a solicitar la restricci\u00f3n del tratamiento de tus datos personales<br>.  <\/li><\/ul><p>Si has restringido el tratamiento de tus datos personales, estos datos -aparte de su almacenamiento- s\u00f3lo podr\u00e1n ser tratados con tu consentimiento o para el establecimiento, ejercicio o defensa de reclamaciones legales o para la protecci\u00f3n de los derechos de otra persona f\u00edsica o<br>jur\u00eddica o por razones de inter\u00e9s p\u00fablico importante de la Uni\u00f3n Europea o de un Estado miembro.<\/p><p><strong>Objeci\u00f3n a los correos electr\u00f3nicos publicitarios<\/strong><br>Por la presente nos oponemos al uso de los datos de contacto publicados en el marco de nuestro deber de aviso legal para el env\u00edo de material publicitario e informativo no solicitado. Los operadores de este sitio web se reservan expresamente el derecho a emprender acciones legales en caso de env\u00edo no solicitado de informaci\u00f3n publicitaria, como correos electr\u00f3nicos basura. <\/p><p> <\/p><h3>4. recogida de datos en este sitio web<\/h3><p><strong>Cookies<\/strong><br>Nuestras p\u00e1ginas de Internet utilizan las llamadas \u00abcookies\u00bb. Las cookies son peque\u00f1os archivos de texto y no causan ning\u00fan da\u00f1o a tu dispositivo final. Se almacenan en tu dispositivo de forma temporal durante una sesi\u00f3n (cookies de sesi\u00f3n) o permanente (cookies permanentes). Las cookies de sesi\u00f3n<br>se eliminan autom\u00e1ticamente al final de tu visita. Las cookies permanentes permanecen almacenadas en tu dispositivo final hasta que t\u00fa mismo las eliminas o hasta que tu navegador web las elimina autom\u00e1ticamente.<br>En algunos casos, las cookies de terceras empresas tambi\u00e9n pueden almacenarse en tu dispositivo final cuando visitas nuestro sitio web (cookies de terceros). \u00c9stas nos permiten a nosotros o a ti utilizar determinados servicios de la empresa tercera (por ejemplo, cookies para procesar servicios de pago).     <br>Las cookies tienen varias funciones. Muchas cookies son t\u00e9cnicamente necesarias, ya que ciertas funciones del sitio web no funcionar\u00edan sin ellas (por ejemplo, la funci\u00f3n de cesta de la compra o la visualizaci\u00f3n de v\u00eddeos). Otras cookies se utilizan para evaluar el comportamiento del usuario o mostrar publicidad.<br>Las cookies necesarias para llevar a cabo el proceso de comunicaci\u00f3n electr\u00f3nica, para proporcionar ciertas funciones que has solicitado (por ejemplo, para la funci\u00f3n de cesta de la compra) o para optimizar el sitio web (por ejemplo, cookies para medir la audiencia de la web). cookies para medir la audiencia de la web) (cookies necesarias) se almacenan en<br>sobre la base del Art. 6 p\u00e1rr. 1 lit. f GDPR, a menos que se especifique otra base legal.<br>El operador del sitio web tiene un inter\u00e9s leg\u00edtimo en el almacenamiento de cookies necesarias para la prestaci\u00f3n t\u00e9cnicamente sin errores y optimizada de sus servicios. Si se ha solicitado el consentimiento para el almacenamiento de cookies y tecnolog\u00edas de reconocimiento comparables, el procesamiento se lleva a cabo exclusivamente sobre la base de este consentimiento (Art. 6 p\u00e1rr. 1 lit. a GDPR y \u00a7 25 p\u00e1rr. 1 TTDSG); el consentimiento puede revocarse en cualquier momento.<br>Puedes configurar tu navegador para que se te informe sobre la instalaci\u00f3n de cookies y s\u00f3lo permitir cookies en casos individuales, excluir la aceptaci\u00f3n de cookies para determinados casos o en general y activar la eliminaci\u00f3n autom\u00e1tica de cookies al cerrar el navegador. Si se desactivan las cookies, la funcionalidad de este sitio web puede verse restringida.<br>Si las cookies son utilizadas por terceras empresas o con fines de an\u00e1lisis, te informaremos de ello por separado en el contexto de esta declaraci\u00f3n de protecci\u00f3n de datos y, si es necesario, solicitaremos tu consentimiento.      <\/p><p><strong>Archivos de registro del servidor<\/strong><br>El proveedor de las p\u00e1ginas recoge y almacena autom\u00e1ticamente informaci\u00f3n en los llamados archivos de registro del servidor, que tu navegador nos transmite autom\u00e1ticamente. \u00c9stos son <\/p><ul><li>Tipo de navegador y versi\u00f3n del navegador<\/li><li>Sistema operativo utilizado<\/li><li>URL de referencia<\/li><li>Nombre de host del ordenador de acceso<\/li><li>Hora de la petici\u00f3n al servidor<\/li><li>Direcci\u00f3n IP<\/li><\/ul><p>Estos datos no se fusionan con otras fuentes de datos.<br>Estos datos se recogen sobre la base del Art. 6 p\u00e1rr. 1 lit. f GDPR. El operador del sitio web tiene un inter\u00e9s leg\u00edtimo en la presentaci\u00f3n t\u00e9cnicamente libre de errores y la optimizaci\u00f3n de su sitio web &#8211; los archivos de registro del servidor deben registrarse con este fin.   <\/p><p><strong>Consulta por correo electr\u00f3nico, tel\u00e9fono o fax<\/strong><br>Si te pones en contacto con nosotros por correo electr\u00f3nico, tel\u00e9fono o fax, almacenaremos y procesaremos tu consulta, incluidos todos los datos personales resultantes (nombre, consulta), con el fin de procesar tu solicitud. No transmitiremos estos datos sin tu consentimiento.<br>Estos datos se procesan sobre la base del Art. 6 p\u00e1rr. 1 lit. b GDPR si tu consulta est\u00e1 relacionada con el cumplimiento de un contrato o es necesaria para la aplicaci\u00f3n de medidas precontractuales. En todos los dem\u00e1s casos, el tratamiento se basa en nuestro inter\u00e9s leg\u00edtimo en el tratamiento efectivo de las consultas que nos dirijas (Art. 6 p\u00e1rr. 1 lit. f GDPR) o en tu consentimiento (Art. 6 p\u00e1rr. 1 lit. a GDPR) si \u00e9ste ha sido solicitado; el consentimiento puede ser revocado en cualquier momento. Los datos que nos env\u00edes a trav\u00e9s de solicitudes de contacto permanecer\u00e1n con nosotros hasta que nos pidas que los eliminemos, revoquemos tu consentimiento para el almacenamiento o deje de aplicarse el prop\u00f3sito para el almacenamiento de datos (por ejemplo, despu\u00e9s de que se haya procesado tu solicitud). Las disposiciones legales obligatorias -en particular los periodos de conservaci\u00f3n legales- no se ver\u00e1n afectadas.      <\/p><p>Fuente: <a href=\"https:\/\/www.e-recht24.de\/\" target=\"_blank\" rel=\"noopener\">https:\/\/www.e-recht24.de<\/a><\/p><h3>5. plug-ins y herramientas<\/h3><p><strong>Google WebFonts<br><\/strong>En este sitio web utilizamos fuentes web proporcionadas por Google Inc, 1600 Amphitheatre Parkway, Mountain View, CA 94043, EE.UU. (en adelante, \u00abGoogle\u00bb). Las fuentes web permiten mostrar las fuentes que utilizamos en diferentes dispositivos de forma estandarizada, correcta y visualmente atractiva. Las fuentes web necesarias se instalan localmente; no hay conexi\u00f3n con los servidores de Google. Esto significa que no se transfieren datos a Google.<\/p>\t\t\t\t\t\t\t\t<\/div>\n\t\t\t\t<\/div>\n\t\t\t\t\t<\/div>\n\t\t<\/div>\n\t\t\t\t\t<\/div>\n\t\t<\/section>\n\t\t\t\t<\/div>\n\t\t","protected":false},"excerpt":{"rendered":"<p>Protecci\u00f3n de datos 1. la protecci\u00f3n de datos de un vistazo Informaci\u00f3n generalLa siguiente informaci\u00f3n proporciona una visi\u00f3n sencilla de lo que ocurre con tus datos personales cuando visitas este sitio web. Por datos personales se entiende cualquier dato que pueda utilizarse para identificarte personalmente. Puedes encontrar informaci\u00f3n detallada sobre el tema de la protecci\u00f3n [&hellip;]<\/p>\n","protected":false},"author":1,"featured_media":0,"parent":0,"menu_order":0,"comment_status":"closed","ping_status":"closed","template":"","meta":{"footnotes":""},"class_list":["post-877","page","type-page","status-publish","hentry"],"_links":{"self":[{"href":"https:\/\/www.denkende-haende.de\/es\/wp-json\/wp\/v2\/pages\/877","targetHints":{"allow":["GET"]}}],"collection":[{"href":"https:\/\/www.denkende-haende.de\/es\/wp-json\/wp\/v2\/pages"}],"about":[{"href":"https:\/\/www.denkende-haende.de\/es\/wp-json\/wp\/v2\/types\/page"}],"author":[{"embeddable":true,"href":"https:\/\/www.denkende-haende.de\/es\/wp-json\/wp\/v2\/users\/1"}],"replies":[{"embeddable":true,"href":"https:\/\/www.denkende-haende.de\/es\/wp-json\/wp\/v2\/comments?post=877"}],"version-history":[{"count":1,"href":"https:\/\/www.denkende-haende.de\/es\/wp-json\/wp\/v2\/pages\/877\/revisions"}],"predecessor-version":[{"id":878,"href":"https:\/\/www.denkende-haende.de\/es\/wp-json\/wp\/v2\/pages\/877\/revisions\/878"}],"wp:attachment":[{"href":"https:\/\/www.denkende-haende.de\/es\/wp-json\/wp\/v2\/media?parent=877"}],"curies":[{"name":"wp","href":"https:\/\/api.w.org\/{rel}","templated":true}]}}