{"id":786,"date":"2025-03-20T11:45:39","date_gmt":"2025-03-20T11:45:39","guid":{"rendered":"https:\/\/www.denkende-haende.de\/osteopatia\/"},"modified":"2025-04-23T12:37:57","modified_gmt":"2025-04-23T12:37:57","slug":"osteopatia","status":"publish","type":"page","link":"https:\/\/www.denkende-haende.de\/es\/osteopatia\/","title":{"rendered":"Osteopat\u00eda"},"content":{"rendered":"\t\t<div data-elementor-type=\"wp-page\" data-elementor-id=\"786\" class=\"elementor elementor-786 elementor-121\" data-elementor-post-type=\"page\">\n\t\t\t\t\t\t<section class=\"elementor-section elementor-top-section elementor-element elementor-element-0a87293 elementor-section-boxed elementor-section-height-default elementor-section-height-default\" data-id=\"0a87293\" data-element_type=\"section\" data-settings=\"{&quot;background_background&quot;:&quot;classic&quot;}\">\n\t\t\t\t\t\t\t<div class=\"elementor-background-overlay\"><\/div>\n\t\t\t\t\t\t\t<div class=\"elementor-container elementor-column-gap-default\">\n\t\t\t\t\t<div class=\"elementor-column elementor-col-50 elementor-top-column elementor-element elementor-element-2a121c9\" data-id=\"2a121c9\" data-element_type=\"column\">\n\t\t\t<div class=\"elementor-widget-wrap elementor-element-populated\">\n\t\t\t\t\t\t<div class=\"elementor-element elementor-element-a414fa4 elementor-widget elementor-widget-heading\" data-id=\"a414fa4\" data-element_type=\"widget\" data-widget_type=\"heading.default\">\n\t\t\t\t<div class=\"elementor-widget-container\">\n\t\t\t\t\t<h2 class=\"elementor-heading-title elementor-size-default\">Osteopat\u00eda - Osteopat\u00eda biodin\u00e1mica\n<\/h2>\t\t\t\t<\/div>\n\t\t\t\t<\/div>\n\t\t\t\t<div class=\"elementor-element elementor-element-85b52d2 elementor-widget-divider--view-line elementor-widget elementor-widget-divider\" data-id=\"85b52d2\" data-element_type=\"widget\" data-widget_type=\"divider.default\">\n\t\t\t\t<div class=\"elementor-widget-container\">\n\t\t\t\t\t\t\t<div class=\"elementor-divider\">\n\t\t\t<span class=\"elementor-divider-separator\">\n\t\t\t\t\t\t<\/span>\n\t\t<\/div>\n\t\t\t\t\t\t<\/div>\n\t\t\t\t<\/div>\n\t\t\t\t<div class=\"elementor-element elementor-element-ce39127 elementor-widget elementor-widget-text-editor\" data-id=\"ce39127\" data-element_type=\"widget\" data-widget_type=\"text-editor.default\">\n\t\t\t\t<div class=\"elementor-widget-container\">\n\t\t\t\t\t\t\t\t\t<p><span style=\"font-weight: 400;\">La osteopat\u00eda es un m\u00e9todo curativo fascinante y hol\u00edstico,  <\/span><\/p>\t\t\t\t\t\t\t\t<\/div>\n\t\t\t\t<\/div>\n\t\t\t\t<section class=\"elementor-section elementor-inner-section elementor-element elementor-element-10d26c8 elementor-section-boxed elementor-section-height-default elementor-section-height-default\" data-id=\"10d26c8\" data-element_type=\"section\">\n\t\t\t\t\t\t<div class=\"elementor-container elementor-column-gap-default\">\n\t\t\t\t\t<div class=\"elementor-column elementor-col-100 elementor-inner-column elementor-element elementor-element-1824c0c\" data-id=\"1824c0c\" data-element_type=\"column\">\n\t\t\t<div class=\"elementor-widget-wrap elementor-element-populated\">\n\t\t\t\t\t\t<div class=\"elementor-element elementor-element-01e2671 elementor-widget__width-initial elementor-widget elementor-widget-button\" data-id=\"01e2671\" data-element_type=\"widget\" data-widget_type=\"button.default\">\n\t\t\t\t<div class=\"elementor-widget-container\">\n\t\t\t\t\t\t\t\t\t<div class=\"elementor-button-wrapper\">\n\t\t\t\t\t<a class=\"elementor-button elementor-button-link elementor-size-sm elementor-animation-shrink\" href=\"https:\/\/www.denkende-haende.de\/es\/contacta-con-nosotros\/\">\n\t\t\t\t\t\t<span class=\"elementor-button-content-wrapper\">\n\t\t\t\t\t\t\t\t\t<span class=\"elementor-button-text\">Contacta con nosotros<\/span>\n\t\t\t\t\t<\/span>\n\t\t\t\t\t<\/a>\n\t\t\t\t<\/div>\n\t\t\t\t\t\t\t\t<\/div>\n\t\t\t\t<\/div>\n\t\t\t\t\t<\/div>\n\t\t<\/div>\n\t\t\t\t\t<\/div>\n\t\t<\/section>\n\t\t\t\t\t<\/div>\n\t\t<\/div>\n\t\t\t\t<div class=\"elementor-column elementor-col-50 elementor-top-column elementor-element elementor-element-cf723ff\" data-id=\"cf723ff\" data-element_type=\"column\">\n\t\t\t<div class=\"elementor-widget-wrap\">\n\t\t\t\t\t\t\t<\/div>\n\t\t<\/div>\n\t\t\t\t\t<\/div>\n\t\t<\/section>\n\t\t\t\t<section class=\"elementor-section elementor-top-section elementor-element elementor-element-2696a9a elementor-section-boxed elementor-section-height-default elementor-section-height-default\" data-id=\"2696a9a\" data-element_type=\"section\" data-settings=\"{&quot;background_background&quot;:&quot;classic&quot;}\">\n\t\t\t\t\t\t<div class=\"elementor-container elementor-column-gap-default\">\n\t\t\t\t\t<div class=\"elementor-column elementor-col-50 elementor-top-column elementor-element elementor-element-bf7567a\" data-id=\"bf7567a\" data-element_type=\"column\" data-settings=\"{&quot;background_background&quot;:&quot;classic&quot;}\">\n\t\t\t<div class=\"elementor-widget-wrap elementor-element-populated\">\n\t\t\t\t\t\t<div class=\"elementor-element elementor-element-de7cf8f elementor-widget elementor-widget-spacer\" data-id=\"de7cf8f\" data-element_type=\"widget\" data-widget_type=\"spacer.default\">\n\t\t\t\t<div class=\"elementor-widget-container\">\n\t\t\t\t\t\t\t<div class=\"elementor-spacer\">\n\t\t\t<div class=\"elementor-spacer-inner\"><\/div>\n\t\t<\/div>\n\t\t\t\t\t\t<\/div>\n\t\t\t\t<\/div>\n\t\t\t\t\t<\/div>\n\t\t<\/div>\n\t\t\t\t<div class=\"elementor-column elementor-col-50 elementor-top-column elementor-element elementor-element-e86205f\" data-id=\"e86205f\" data-element_type=\"column\">\n\t\t\t<div class=\"elementor-widget-wrap elementor-element-populated\">\n\t\t\t\t\t\t<div class=\"elementor-element elementor-element-6dd46db elementor-widget__width-initial elementor-widget-tablet__width-initial elementor-widget elementor-widget-heading\" data-id=\"6dd46db\" data-element_type=\"widget\" data-widget_type=\"heading.default\">\n\t\t\t\t<div class=\"elementor-widget-container\">\n\t\t\t\t\t<h2 class=\"elementor-heading-title elementor-size-default\">Osteopat\u00eda - El arte de la curaci\u00f3n hol\u00edstica<\/h2>\t\t\t\t<\/div>\n\t\t\t\t<\/div>\n\t\t\t\t<div class=\"elementor-element elementor-element-693a2fd elementor-widget__width-initial elementor-widget elementor-widget-text-editor\" data-id=\"693a2fd\" data-element_type=\"widget\" data-widget_type=\"text-editor.default\">\n\t\t\t\t<div class=\"elementor-widget-container\">\n\t\t\t\t\t\t\t\t\t<p><span style=\"font-weight: 400;\">La osteopat\u00eda es una forma de medicina fascinante y hol\u00edstica,  <\/span><span style=\"font-weight: 400;\">que considera el cuerpo como una unidad armoniosa. Esta forma de terapia suave y eficaz utiliza la sabidur\u00eda del cuerpo para fomentar la salud y el bienestar de forma natural. En la base de la osteopat\u00eda est\u00e1 la convicci\u00f3n de que nuestro cuerpo tiene asombrosos poderes autocurativos.    <\/span><\/p><p><span style=\"font-weight: 400;\">Todas las estructuras del cuerpo est\u00e1n interconectadas. Cada tejido debe poder respirar, recibir sangre fresca, la linfa y el drenaje sangu\u00edneo son esenciales, al igual que el suministro neuronal. Una alteraci\u00f3n en una zona suele repercutir en otras. El objetivo es identificar y corregir la disfunci\u00f3n primaria y restablecer as\u00ed la salud y el bienestar del paciente. Se activan los poderes autocurativos para ayudar al cuerpo a recuperar su equilibrio.    <\/span><\/p><p><span style=\"font-weight: 400;\">La osteopat\u00eda fue desarrollada a finales del siglo XIX por el Dr. Andrew Taylor Still en EE.UU. y perfeccionada por William Garner Sutherland. La osteopat\u00eda lleg\u00f3 a Europa a principios del siglo XX y hoy es cada vez m\u00e1s popular. <\/span><\/p><p>La osteopat\u00eda suele utilizarse para tratar dolencias musculares y esquel\u00e9ticas, como dolores de espalda, hombros y cuello. Sin embargo, tambi\u00e9n puede ser \u00fatil para muchos otros problemas de salud, como enfermedades respiratorias, trastornos digestivos, migra\u00f1as y ansiedad. <\/p>\t\t\t\t\t\t\t\t<\/div>\n\t\t\t\t<\/div>\n\t\t\t\t\t<\/div>\n\t\t<\/div>\n\t\t\t\t\t<\/div>\n\t\t<\/section>\n\t\t\t\t<section class=\"elementor-section elementor-top-section elementor-element elementor-element-964ef8c elementor-reverse-tablet elementor-reverse-mobile elementor-section-boxed elementor-section-height-default elementor-section-height-default\" data-id=\"964ef8c\" data-element_type=\"section\" data-settings=\"{&quot;background_background&quot;:&quot;classic&quot;}\">\n\t\t\t\t\t\t<div class=\"elementor-container elementor-column-gap-default\">\n\t\t\t\t\t<div class=\"elementor-column elementor-col-50 elementor-top-column elementor-element elementor-element-dcc853b\" data-id=\"dcc853b\" data-element_type=\"column\">\n\t\t\t<div class=\"elementor-widget-wrap elementor-element-populated\">\n\t\t\t\t\t\t<div class=\"elementor-element elementor-element-72a6585 elementor-widget__width-initial elementor-widget-tablet__width-initial elementor-widget elementor-widget-heading\" data-id=\"72a6585\" data-element_type=\"widget\" data-widget_type=\"heading.default\">\n\t\t\t\t<div class=\"elementor-widget-container\">\n\t\t\t\t\t<h2 class=\"elementor-heading-title elementor-size-default\">Osteopat\u00eda biodin\u00e1mica: el poder de la autocuraci\u00f3n<\/h2>\t\t\t\t<\/div>\n\t\t\t\t<\/div>\n\t\t\t\t<div class=\"elementor-element elementor-element-7815449 elementor-widget__width-initial elementor-widget elementor-widget-text-editor\" data-id=\"7815449\" data-element_type=\"widget\" data-widget_type=\"text-editor.default\">\n\t\t\t\t<div class=\"elementor-widget-container\">\n\t\t\t\t\t\t\t\t\t<p><span style=\"font-weight: 400;\">La osteopat\u00eda biodin\u00e1mica es una forma especial de osteopat\u00eda que se centra m\u00e1s en los poderes naturales de autocuraci\u00f3n del cuerpo y en la \u00abfuerza vital\u00bb. Fue desarrollada en la d\u00e9cada de 1940 por   <\/span><b>James Celoso<\/b><span style=\"font-weight: 400;\">alumno de William Garner Sutherland, y se basa en los principios de la osteopat\u00eda craneosacral, fundada por Sutherland.<\/span><\/p><p><span style=\"font-weight: 400;\">El t\u00e9rmino \u00abbiodin\u00e1mico\u00bb se refiere a la idea de que el cuerpo est\u00e1 en un intercambio continuo y din\u00e1mico con su entorno, especialmente con los sutiles movimientos r\u00edtmicos que recorren el cuerpo. Estos movimientos suelen denominarse \u00abritmos de vida\u00bb o \u00abflujo vital\u00bb y son cruciales para la salud y el bienestar. <\/span><\/p><p><span style=\"font-weight: 400;\">Un concepto central de la osteopat\u00eda biodin\u00e1mica es la confianza en los \u00abpoderes curativos internos\u00bb del cuerpo. El oste\u00f3pata trabaja suave y atentamente para apoyar la \u00abenerg\u00eda vital\u00bb, que se considera parte integrante de la autocuraci\u00f3n. No s\u00f3lo se trata la estructura f\u00edsica, sino tambi\u00e9n los aspectos sutiles del cuerpo, como el sistema nervioso, el equilibrio emocional y los procesos energ\u00e9ticos.  <\/span><\/p><p><span style=\"font-weight: 400;\">La osteopat\u00eda biodin\u00e1mica est\u00e1 especialmente indicada para personas que sufren dolencias cr\u00f3nicas, bloqueos emocionales o experiencias traum\u00e1ticas. Es un m\u00e9todo muy suave y respetuoso que aborda las capas m\u00e1s profundas del cuerpo y puede poner al paciente en un estado de relajaci\u00f3n y autorregulaci\u00f3n. El tratamiento puede liberar tensiones tanto f\u00edsicas como emocionales y favorece el equilibrio del cuerpo y la mente.  <\/span><\/p><p><span style=\"font-weight: 400;\">En resumen: La osteopat\u00eda biodin\u00e1mica va m\u00e1s all\u00e1 de los enfoques mec\u00e1nicos tradicionales y utiliza los procesos curativos naturales del cuerpo para promover la salud y el bienestar a un nivel m\u00e1s profundo. Es especialmente suave y est\u00e1 indicada para personas que buscan un concepto de tratamiento hol\u00edstico. <\/span><\/p>\t\t\t\t\t\t\t\t<\/div>\n\t\t\t\t<\/div>\n\t\t\t\t\t<\/div>\n\t\t<\/div>\n\t\t\t\t<div class=\"elementor-column elementor-col-50 elementor-top-column elementor-element elementor-element-96a7c0d\" data-id=\"96a7c0d\" data-element_type=\"column\" data-settings=\"{&quot;background_background&quot;:&quot;classic&quot;}\">\n\t\t\t<div class=\"elementor-widget-wrap elementor-element-populated\">\n\t\t\t\t\t\t<div class=\"elementor-element elementor-element-89f9503 elementor-widget elementor-widget-spacer\" data-id=\"89f9503\" data-element_type=\"widget\" data-widget_type=\"spacer.default\">\n\t\t\t\t<div class=\"elementor-widget-container\">\n\t\t\t\t\t\t\t<div class=\"elementor-spacer\">\n\t\t\t<div class=\"elementor-spacer-inner\"><\/div>\n\t\t<\/div>\n\t\t\t\t\t\t<\/div>\n\t\t\t\t<\/div>\n\t\t\t\t\t<\/div>\n\t\t<\/div>\n\t\t\t\t\t<\/div>\n\t\t<\/section>\n\t\t\t\t<section class=\"elementor-section elementor-top-section elementor-element elementor-element-9807005 elementor-section-boxed elementor-section-height-default elementor-section-height-default\" data-id=\"9807005\" data-element_type=\"section\">\n\t\t\t\t\t\t<div class=\"elementor-container elementor-column-gap-default\">\n\t\t\t\t\t<div class=\"elementor-column elementor-col-100 elementor-top-column elementor-element elementor-element-36c9a93\" data-id=\"36c9a93\" data-element_type=\"column\">\n\t\t\t<div class=\"elementor-widget-wrap elementor-element-populated\">\n\t\t\t\t\t\t<div class=\"elementor-element elementor-element-295861f elementor-widget elementor-widget-shortcode\" data-id=\"295861f\" data-element_type=\"widget\" data-widget_type=\"shortcode.default\">\n\t\t\t\t<div class=\"elementor-widget-container\">\n\t\t\t\t\t\t\t<div class=\"elementor-shortcode\">\t\t<div data-elementor-type=\"section\" data-elementor-id=\"823\" class=\"elementor elementor-823 elementor-66\" data-elementor-post-type=\"elementor_library\">\n\t\t\t\t\t<section class=\"elementor-section elementor-top-section elementor-element elementor-element-df7ecd3 elementor-section-boxed elementor-section-height-default elementor-section-height-default\" data-id=\"df7ecd3\" data-element_type=\"section\">\n\t\t\t\t\t\t<div class=\"elementor-container elementor-column-gap-default\">\n\t\t\t\t\t<div class=\"elementor-column elementor-col-100 elementor-top-column elementor-element elementor-element-cc2cfcb\" data-id=\"cc2cfcb\" data-element_type=\"column\">\n\t\t\t<div class=\"elementor-widget-wrap elementor-element-populated\">\n\t\t\t\t\t\t<section class=\"elementor-section elementor-inner-section elementor-element elementor-element-6e506f4 elementor-section-boxed elementor-section-height-default elementor-section-height-default\" data-id=\"6e506f4\" data-element_type=\"section\">\n\t\t\t\t\t\t<div class=\"elementor-container elementor-column-gap-default\">\n\t\t\t\t\t<div class=\"elementor-column elementor-col-50 elementor-inner-column elementor-element elementor-element-da6bfe0\" data-id=\"da6bfe0\" data-element_type=\"column\" data-settings=\"{&quot;background_background&quot;:&quot;classic&quot;}\">\n\t\t\t<div class=\"elementor-widget-wrap elementor-element-populated\">\n\t\t\t\t\t\t<div class=\"elementor-element elementor-element-d8e5831 elementor-widget elementor-widget-spacer\" data-id=\"d8e5831\" data-element_type=\"widget\" data-widget_type=\"spacer.default\">\n\t\t\t\t<div class=\"elementor-widget-container\">\n\t\t\t\t\t\t\t<div class=\"elementor-spacer\">\n\t\t\t<div class=\"elementor-spacer-inner\"><\/div>\n\t\t<\/div>\n\t\t\t\t\t\t<\/div>\n\t\t\t\t<\/div>\n\t\t\t\t\t<\/div>\n\t\t<\/div>\n\t\t\t\t<div class=\"elementor-column elementor-col-50 elementor-inner-column elementor-element elementor-element-535d1c4\" data-id=\"535d1c4\" data-element_type=\"column\">\n\t\t\t<div class=\"elementor-widget-wrap elementor-element-populated\">\n\t\t\t\t\t\t<section class=\"elementor-section elementor-inner-section elementor-element elementor-element-ee2344d elementor-hidden-desktop elementor-hidden-tablet elementor-hidden-mobile elementor-section-boxed elementor-section-height-default elementor-section-height-default\" data-id=\"ee2344d\" data-element_type=\"section\">\n\t\t\t\t\t\t<div class=\"elementor-container elementor-column-gap-default\">\n\t\t\t\t\t<div class=\"elementor-column elementor-col-50 elementor-inner-column elementor-element elementor-element-7308e03\" data-id=\"7308e03\" data-element_type=\"column\">\n\t\t\t<div class=\"elementor-widget-wrap elementor-element-populated\">\n\t\t\t\t\t\t<div class=\"elementor-element elementor-element-6d140d8 elementor-widget elementor-widget-image\" data-id=\"6d140d8\" data-element_type=\"widget\" data-widget_type=\"image.default\">\n\t\t\t\t<div class=\"elementor-widget-container\">\n\t\t\t\t\t\t\t\t\t\t\t\t\t\t\t<img decoding=\"async\" width=\"21\" height=\"28\" src=\"https:\/\/www.denkende-haende.de\/wp-content\/uploads\/2025\/03\/XMLID_264_.png\" class=\"attachment-large size-large wp-image-824\" alt=\"\" \/>\t\t\t\t\t\t\t\t\t\t\t\t\t\t\t<\/div>\n\t\t\t\t<\/div>\n\t\t\t\t\t<\/div>\n\t\t<\/div>\n\t\t\t\t<div class=\"elementor-column elementor-col-50 elementor-inner-column elementor-element elementor-element-02a91cf\" data-id=\"02a91cf\" data-element_type=\"column\">\n\t\t\t<div class=\"elementor-widget-wrap elementor-element-populated\">\n\t\t\t\t\t\t<div class=\"elementor-element elementor-element-a32d21a elementor-widget elementor-widget-heading\" data-id=\"a32d21a\" data-element_type=\"widget\" data-widget_type=\"heading.default\">\n\t\t\t\t<div class=\"elementor-widget-container\">\n\t\t\t\t\t<h2 class=\"elementor-heading-title elementor-size-default\">Escr\u00edbenos<\/h2>\t\t\t\t<\/div>\n\t\t\t\t<\/div>\n\t\t\t\t\t<\/div>\n\t\t<\/div>\n\t\t\t\t\t<\/div>\n\t\t<\/section>\n\t\t\t\t<div class=\"elementor-element elementor-element-6637dfb elementor-widget__width-initial elementor-widget-tablet__width-initial elementor-widget elementor-widget-heading\" data-id=\"6637dfb\" data-element_type=\"widget\" data-widget_type=\"heading.default\">\n\t\t\t\t<div class=\"elementor-widget-container\">\n\t\t\t\t\t<h2 class=\"elementor-heading-title elementor-size-default\">  Espero tu mensaje<\/h2>\t\t\t\t<\/div>\n\t\t\t\t<\/div>\n\t\t\t\t<div class=\"elementor-element elementor-element-a37d19b elementor-widget__width-initial elementor-mobile-button-align-start elementor-widget-tablet__width-initial elementor-button-align-stretch elementor-widget elementor-widget-form\" data-id=\"a37d19b\" data-element_type=\"widget\" data-settings=\"{&quot;button_width&quot;:&quot;25&quot;,&quot;step_next_label&quot;:&quot;Siguiente&quot;,&quot;step_previous_label&quot;:&quot;Anterior&quot;,&quot;step_type&quot;:&quot;number_text&quot;,&quot;step_icon_shape&quot;:&quot;circle&quot;}\" data-widget_type=\"form.default\">\n\t\t\t\t<div class=\"elementor-widget-container\">\n\t\t\t\t\t\t\t<form class=\"elementor-form\" method=\"post\" name=\"Nuevo formulario\" aria-label=\"Nuevo formulario\">\n\t\t\t<input type=\"hidden\" name=\"post_id\" value=\"823\"\/>\n\t\t\t<input type=\"hidden\" name=\"form_id\" value=\"a37d19b\"\/>\n\t\t\t<input type=\"hidden\" name=\"referer_title\" value=\"Terapias para la curaci\u00f3n y la transformaci\u00f3n hol\u00edsticas\" \/>\n\n\t\t\t\t\t\t\t<input type=\"hidden\" name=\"queried_id\" value=\"802\"\/>\n\t\t\t\n\t\t\t<div class=\"elementor-form-fields-wrapper elementor-labels-above\">\n\t\t\t\t\t\t\t\t<div class=\"elementor-field-type-text elementor-field-group elementor-column elementor-field-group-name elementor-col-50\">\n\t\t\t\t\t\t\t\t\t\t\t\t<label for=\"form-field-name\" class=\"elementor-field-label\">\n\t\t\t\t\t\t\t\tTu nombre\t\t\t\t\t\t\t<\/label>\n\t\t\t\t\t\t\t\t\t\t\t\t\t\t<input size=\"1\" type=\"text\" name=\"form_fields[name]\" id=\"form-field-name\" class=\"elementor-field elementor-size-lg  elementor-field-textual\" placeholder=\"Introduce tu nombre\">\n\t\t\t\t\t\t\t\t\t\t\t<\/div>\n\t\t\t\t\t\t\t\t<div class=\"elementor-field-type-email elementor-field-group elementor-column elementor-field-group-email elementor-col-50 elementor-field-required\">\n\t\t\t\t\t\t\t\t\t\t\t\t<label for=\"form-field-email\" class=\"elementor-field-label\">\n\t\t\t\t\t\t\t\tTu e-mail\t\t\t\t\t\t\t<\/label>\n\t\t\t\t\t\t\t\t\t\t\t\t\t\t<input size=\"1\" type=\"email\" name=\"form_fields[email]\" id=\"form-field-email\" class=\"elementor-field elementor-size-lg  elementor-field-textual\" placeholder=\"Introduce tu e-mail\" required=\"required\">\n\t\t\t\t\t\t\t\t\t\t\t<\/div>\n\t\t\t\t\t\t\t\t<div class=\"elementor-field-type-textarea elementor-field-group elementor-column elementor-field-group-message elementor-col-100\">\n\t\t\t\t\t\t\t\t\t\t\t\t<label for=\"form-field-message\" class=\"elementor-field-label\">\n\t\t\t\t\t\t\t\tTu mensaje\t\t\t\t\t\t\t<\/label>\n\t\t\t\t\t\t<textarea class=\"elementor-field-textual elementor-field  elementor-size-lg\" name=\"form_fields[message]\" id=\"form-field-message\" rows=\"4\" placeholder=\"Introduce tu mensaje\"><\/textarea>\t\t\t\t<\/div>\n\t\t\t\t\t\t\t\t<div class=\"elementor-field-type-acceptance elementor-field-group elementor-column elementor-field-group-field_18ca8a8 elementor-col-100 elementor-field-required\">\n\t\t\t\t\t\t\t<div class=\"elementor-field-subgroup\">\n\t\t\t<span class=\"elementor-field-option\">\n\t\t\t\t<input type=\"checkbox\" name=\"form_fields[field_18ca8a8]\" id=\"form-field-field_18ca8a8\" class=\"elementor-field elementor-size-lg  elementor-acceptance-field\" required=\"required\">\n\t\t\t\t<label for=\"form-field-field_18ca8a8\">Consiento el tratamiento de mis datos personales de acuerdo con la pol\u00edtica de privacidad.<\/label>\t\t\t<\/span>\n\t\t<\/div>\n\t\t\t\t\t\t<\/div>\n\t\t\t\t\t\t\t\t<div class=\"elementor-field-group elementor-column elementor-field-type-submit elementor-col-25 e-form__buttons\">\n\t\t\t\t\t<button class=\"elementor-button elementor-size-sm elementor-animation-shrink\" type=\"submit\">\n\t\t\t\t\t\t<span class=\"elementor-button-content-wrapper\">\n\t\t\t\t\t\t\t\t\t\t\t\t\t\t\t\t\t\t\t\t\t\t<span class=\"elementor-button-text\">ENVIAR<\/span>\n\t\t\t\t\t\t\t\t\t\t\t\t\t<\/span>\n\t\t\t\t\t<\/button>\n\t\t\t\t<\/div>\n\t\t\t<\/div>\n\t\t<\/form>\n\t\t\t\t\t\t<\/div>\n\t\t\t\t<\/div>\n\t\t\t\t\t<\/div>\n\t\t<\/div>\n\t\t\t\t\t<\/div>\n\t\t<\/section>\n\t\t\t\t\t<\/div>\n\t\t<\/div>\n\t\t\t\t\t<\/div>\n\t\t<\/section>\n\t\t\t\t<\/div>\n\t\t<\/div>\n\t\t\t\t\t\t<\/div>\n\t\t\t\t<\/div>\n\t\t\t\t\t<\/div>\n\t\t<\/div>\n\t\t\t\t\t<\/div>\n\t\t<\/section>\n\t\t\t\t<\/div>\n\t\t","protected":false},"excerpt":{"rendered":"<p>Osteopat\u00eda &#8211; Osteopat\u00eda biodin\u00e1mica La osteopat\u00eda es un m\u00e9todo curativo fascinante y hol\u00edstico, Contacta con nosotros Osteopat\u00eda &#8211; El arte de la curaci\u00f3n hol\u00edstica La osteopat\u00eda es una forma de medicina fascinante y hol\u00edstica, que considera el cuerpo como una unidad armoniosa. Esta forma de terapia suave y eficaz utiliza la sabidur\u00eda del cuerpo para [&hellip;]<\/p>\n","protected":false},"author":1,"featured_media":0,"parent":0,"menu_order":0,"comment_status":"closed","ping_status":"closed","template":"","meta":{"footnotes":""},"class_list":["post-786","page","type-page","status-publish","hentry"],"_links":{"self":[{"href":"https:\/\/www.denkende-haende.de\/es\/wp-json\/wp\/v2\/pages\/786","targetHints":{"allow":["GET"]}}],"collection":[{"href":"https:\/\/www.denkende-haende.de\/es\/wp-json\/wp\/v2\/pages"}],"about":[{"href":"https:\/\/www.denkende-haende.de\/es\/wp-json\/wp\/v2\/types\/page"}],"author":[{"embeddable":true,"href":"https:\/\/www.denkende-haende.de\/es\/wp-json\/wp\/v2\/users\/1"}],"replies":[{"embeddable":true,"href":"https:\/\/www.denkende-haende.de\/es\/wp-json\/wp\/v2\/comments?post=786"}],"version-history":[{"count":4,"href":"https:\/\/www.denkende-haende.de\/es\/wp-json\/wp\/v2\/pages\/786\/revisions"}],"predecessor-version":[{"id":1228,"href":"https:\/\/www.denkende-haende.de\/es\/wp-json\/wp\/v2\/pages\/786\/revisions\/1228"}],"wp:attachment":[{"href":"https:\/\/www.denkende-haende.de\/es\/wp-json\/wp\/v2\/media?parent=786"}],"curies":[{"name":"wp","href":"https:\/\/api.w.org\/{rel}","templated":true}]}}