{"id":780,"date":"2025-03-20T11:49:25","date_gmt":"2025-03-20T11:49:25","guid":{"rendered":"https:\/\/www.denkende-haende.de\/medicina-neurointegrativa\/"},"modified":"2025-04-23T12:48:09","modified_gmt":"2025-04-23T12:48:09","slug":"medicina-neurointegrativa","status":"publish","type":"page","link":"https:\/\/www.denkende-haende.de\/es\/medicina-neurointegrativa\/","title":{"rendered":"Medicina neurointegrativa"},"content":{"rendered":"\t\t<div data-elementor-type=\"wp-page\" data-elementor-id=\"780\" class=\"elementor elementor-780 elementor-131\" data-elementor-post-type=\"page\">\n\t\t\t\t\t\t<section class=\"elementor-section elementor-top-section elementor-element elementor-element-1fc7793 elementor-section-boxed elementor-section-height-default elementor-section-height-default\" data-id=\"1fc7793\" data-element_type=\"section\" data-settings=\"{&quot;background_background&quot;:&quot;classic&quot;}\">\n\t\t\t\t\t\t\t<div class=\"elementor-background-overlay\"><\/div>\n\t\t\t\t\t\t\t<div class=\"elementor-container elementor-column-gap-default\">\n\t\t\t\t\t<div class=\"elementor-column elementor-col-50 elementor-top-column elementor-element elementor-element-4919923\" data-id=\"4919923\" data-element_type=\"column\">\n\t\t\t<div class=\"elementor-widget-wrap elementor-element-populated\">\n\t\t\t\t\t\t<div class=\"elementor-element elementor-element-4541ea7 elementor-widget__width-initial elementor-widget elementor-widget-heading\" data-id=\"4541ea7\" data-element_type=\"widget\" data-widget_type=\"heading.default\">\n\t\t\t\t<div class=\"elementor-widget-container\">\n\t\t\t\t\t<h2 class=\"elementor-heading-title elementor-size-default\">Integraci\u00f3n Neurofuncional y Psicosom\u00e1tica Neurointegrativa - Terapia Hol\u00edstica<\/h2>\t\t\t\t<\/div>\n\t\t\t\t<\/div>\n\t\t\t\t<section class=\"elementor-section elementor-inner-section elementor-element elementor-element-93fa9a1 elementor-section-boxed elementor-section-height-default elementor-section-height-default\" data-id=\"93fa9a1\" data-element_type=\"section\">\n\t\t\t\t\t\t<div class=\"elementor-container elementor-column-gap-default\">\n\t\t\t\t\t<div class=\"elementor-column elementor-col-100 elementor-inner-column elementor-element elementor-element-a697c57\" data-id=\"a697c57\" data-element_type=\"column\">\n\t\t\t<div class=\"elementor-widget-wrap elementor-element-populated\">\n\t\t\t\t\t\t<div class=\"elementor-element elementor-element-fb8b7ea elementor-widget__width-initial elementor-widget elementor-widget-button\" data-id=\"fb8b7ea\" data-element_type=\"widget\" data-widget_type=\"button.default\">\n\t\t\t\t<div class=\"elementor-widget-container\">\n\t\t\t\t\t\t\t\t\t<div class=\"elementor-button-wrapper\">\n\t\t\t\t\t<a class=\"elementor-button elementor-button-link elementor-size-sm elementor-animation-shrink\" href=\"https:\/\/www.denkende-haende.de\/es\/contacta-con-nosotros\/\">\n\t\t\t\t\t\t<span class=\"elementor-button-content-wrapper\">\n\t\t\t\t\t\t\t\t\t<span class=\"elementor-button-text\">Contacta con nosotros<\/span>\n\t\t\t\t\t<\/span>\n\t\t\t\t\t<\/a>\n\t\t\t\t<\/div>\n\t\t\t\t\t\t\t\t<\/div>\n\t\t\t\t<\/div>\n\t\t\t\t\t<\/div>\n\t\t<\/div>\n\t\t\t\t\t<\/div>\n\t\t<\/section>\n\t\t\t\t\t<\/div>\n\t\t<\/div>\n\t\t\t\t<div class=\"elementor-column elementor-col-50 elementor-top-column elementor-element elementor-element-a05df3a\" data-id=\"a05df3a\" data-element_type=\"column\">\n\t\t\t<div class=\"elementor-widget-wrap\">\n\t\t\t\t\t\t\t<\/div>\n\t\t<\/div>\n\t\t\t\t\t<\/div>\n\t\t<\/section>\n\t\t\t\t<section class=\"elementor-section elementor-top-section elementor-element elementor-element-7fc7416 elementor-section-boxed elementor-section-height-default elementor-section-height-default\" data-id=\"7fc7416\" data-element_type=\"section\" data-settings=\"{&quot;background_background&quot;:&quot;classic&quot;}\">\n\t\t\t\t\t\t<div class=\"elementor-container elementor-column-gap-default\">\n\t\t\t\t\t<div class=\"elementor-column elementor-col-50 elementor-top-column elementor-element elementor-element-dae16b7\" data-id=\"dae16b7\" data-element_type=\"column\" data-settings=\"{&quot;background_background&quot;:&quot;classic&quot;}\">\n\t\t\t<div class=\"elementor-widget-wrap elementor-element-populated\">\n\t\t\t\t\t\t<div class=\"elementor-element elementor-element-0362df6 elementor-widget elementor-widget-spacer\" data-id=\"0362df6\" data-element_type=\"widget\" data-widget_type=\"spacer.default\">\n\t\t\t\t<div class=\"elementor-widget-container\">\n\t\t\t\t\t\t\t<div class=\"elementor-spacer\">\n\t\t\t<div class=\"elementor-spacer-inner\"><\/div>\n\t\t<\/div>\n\t\t\t\t\t\t<\/div>\n\t\t\t\t<\/div>\n\t\t\t\t\t<\/div>\n\t\t<\/div>\n\t\t\t\t<div class=\"elementor-column elementor-col-50 elementor-top-column elementor-element elementor-element-ac36178\" data-id=\"ac36178\" data-element_type=\"column\">\n\t\t\t<div class=\"elementor-widget-wrap elementor-element-populated\">\n\t\t\t\t\t\t<div class=\"elementor-element elementor-element-f5212e5 elementor-widget__width-initial elementor-widget-tablet__width-initial elementor-widget elementor-widget-heading\" data-id=\"f5212e5\" data-element_type=\"widget\" data-widget_type=\"heading.default\">\n\t\t\t\t<div class=\"elementor-widget-container\">\n\t\t\t\t\t<h2 class=\"elementor-heading-title elementor-size-default\">Medicina neurointegrativa \/ psicosom\u00e1tica neurointegrativa<\/h2>\t\t\t\t<\/div>\n\t\t\t\t<\/div>\n\t\t\t\t<div class=\"elementor-element elementor-element-1ff4ade elementor-widget__width-initial elementor-widget elementor-widget-text-editor\" data-id=\"1ff4ade\" data-element_type=\"widget\" data-widget_type=\"text-editor.default\">\n\t\t\t\t<div class=\"elementor-widget-container\">\n\t\t\t\t\t\t\t\t\t<p><span style=\"font-weight: 400;\">La integraci\u00f3n neurofuncional (NeuroFi) es un enfoque terap\u00e9utico hol\u00edstico que sit\u00faa el sistema nervioso en el centro del diagn\u00f3stico y el tratamiento<\/span><span style=\"font-weight: 400;\">. Este m\u00e9todo se basa en la constataci\u00f3n de que el sistema nervioso controla y coordina todas las funciones corporales, lo que significa que todo s\u00edntoma puede verse como el resultado de un trastorno funcional del sistema nervioso  <\/span>El tratamiento comienza con una historia cl\u00ednica y una exploraci\u00f3n f\u00edsica detalladas, complementadas con una exploraci\u00f3n neurofuncional, que consiste en identificar las v\u00edas nerviosas alteradas o interrumpidas mediante pruebas funcionales de todos los sistemas corporales. A continuaci\u00f3n, se aplican est\u00edmulos manuales en puntos concretos del cuerpo para comprobar la estabilidad de las funciones. Si se localiza un trastorno, el terapeuta activa la parte del sistema nervioso que mejora o normaliza la funci\u00f3n. Este proceso, llamado integraci\u00f3n, permite al cerebro acceder mejor a la funci\u00f3n que antes estaba deteriorada. La mejora de la interacci\u00f3n de los sistemas del organismo puede conducir a un r\u00e1pido alivio de los s\u00edntomas.<\/p><p>La integraci\u00f3n neurofuncional es adecuada para pacientes de todas las edades y puede utilizarse para diversas dolencias, como trastornos del aprendizaje y la concentraci\u00f3n, dolor, mala postura y enfermedades neurol\u00f3gicas.<\/p>\t\t\t\t\t\t\t\t<\/div>\n\t\t\t\t<\/div>\n\t\t\t\t\t<\/div>\n\t\t<\/div>\n\t\t\t\t\t<\/div>\n\t\t<\/section>\n\t\t\t\t<section class=\"elementor-section elementor-top-section elementor-element elementor-element-0dcb7af elementor-reverse-tablet elementor-reverse-mobile elementor-section-boxed elementor-section-height-default elementor-section-height-default\" data-id=\"0dcb7af\" data-element_type=\"section\" data-settings=\"{&quot;background_background&quot;:&quot;classic&quot;}\">\n\t\t\t\t\t\t<div class=\"elementor-container elementor-column-gap-default\">\n\t\t\t\t\t<div class=\"elementor-column elementor-col-50 elementor-top-column elementor-element elementor-element-9e46d76\" data-id=\"9e46d76\" data-element_type=\"column\">\n\t\t\t<div class=\"elementor-widget-wrap elementor-element-populated\">\n\t\t\t\t\t\t<div class=\"elementor-element elementor-element-0c44533 elementor-widget__width-initial elementor-widget-tablet__width-initial elementor-widget elementor-widget-heading\" data-id=\"0c44533\" data-element_type=\"widget\" data-widget_type=\"heading.default\">\n\t\t\t\t<div class=\"elementor-widget-container\">\n\t\t\t\t\t<h2 class=\"elementor-heading-title elementor-size-default\">Psicosom\u00e1tica Neurointegrativa (NIPsych)  \n<\/h2>\t\t\t\t<\/div>\n\t\t\t\t<\/div>\n\t\t\t\t<div class=\"elementor-element elementor-element-b2e8132 elementor-widget__width-initial elementor-widget elementor-widget-text-editor\" data-id=\"b2e8132\" data-element_type=\"widget\" data-widget_type=\"text-editor.default\">\n\t\t\t\t<div class=\"elementor-widget-container\">\n\t\t\t\t\t\t\t\t\t<p><span style=\"font-weight: 400;\">Es un enfoque terap\u00e9utico hol\u00edstico que se centra en la conexi\u00f3n entre el cerebro, el cuerpo y la psique. Este m\u00e9todo trata los aspectos conscientes e inconscientes de nuestros pensamientos y sentimientos y sus efectos en nuestro cuerpo<\/span><span style=\"font-weight: 400;\">.<\/span><\/p><p><span style=\"font-weight: 400;\">Los elementos centrales de la psicosom\u00e1tica neurointegrativa son<\/span><\/p><ul><li><span style=\"font-weight: 400;\">Cambiar los patrones de conducta y pensamiento desfavorables: NIPsych pretende identificar y transformar las experiencias, creencias y h\u00e1bitos negativos.<\/span><\/li><li><span style=\"font-weight: 400;\">Activaci\u00f3n de recursos ocultos: la terapia promueve el desarrollo de las habilidades y el potencial individuales<\/span><\/li><li><span style=\"font-weight: 400;\">Integraci\u00f3n del cuerpo y la mente: Las t\u00e9cnicas dirigidas activan nuevas conexiones neuronales para iniciar cambios positivos<\/span><\/li><li><span style=\"font-weight: 400;\">Tratamiento de dolencias psicosom\u00e1ticas: La NIPsych puede influir positivamente tanto en los s\u00edntomas f\u00edsicos como en el desarrollo personal<\/span><\/li><\/ul><p><span style=\"font-weight: 400;\"><br>El tratamiento utiliza elementos del Sistema de Integraci\u00f3n Neurol\u00f3gica (SNI) y de la Integraci\u00f3n Neurofuncional (INF), e incluye t\u00e9cnicas espec\u00edficas como el testeo muscular y el tapping para establecer nuevas formas de pensar y anclarlas en la mente subconsciente.<\/span><span style=\"font-weight: 400;\">. <\/span> <\/p><p><span style=\"font-weight: 400;\">El objetivo es disolver las experiencias estresantes y los condicionamientos obstructivos y conseguir un mayor control sobre las acciones y las reacciones emocionales<\/span><span style=\"font-weight: 400;\">. <\/span> <\/p><p><span style=\"font-weight: 400;\">La psicosom\u00e1tica neurointegrativa puede utilizarse para diversos problemas personales y a menudo complementa otras formas de terapia como el Sistema de Integraci\u00f3n Neurol\u00f3gica (SINE) y la Integraci\u00f3n Neurofuncional (NeuroFI)<\/span><\/p>\t\t\t\t\t\t\t\t<\/div>\n\t\t\t\t<\/div>\n\t\t\t\t\t<\/div>\n\t\t<\/div>\n\t\t\t\t<div class=\"elementor-column elementor-col-50 elementor-top-column elementor-element elementor-element-42c1e85\" data-id=\"42c1e85\" data-element_type=\"column\" data-settings=\"{&quot;background_background&quot;:&quot;classic&quot;}\">\n\t\t\t<div class=\"elementor-widget-wrap elementor-element-populated\">\n\t\t\t\t\t\t<div class=\"elementor-element elementor-element-0654699 elementor-widget elementor-widget-spacer\" data-id=\"0654699\" data-element_type=\"widget\" data-widget_type=\"spacer.default\">\n\t\t\t\t<div class=\"elementor-widget-container\">\n\t\t\t\t\t\t\t<div class=\"elementor-spacer\">\n\t\t\t<div class=\"elementor-spacer-inner\"><\/div>\n\t\t<\/div>\n\t\t\t\t\t\t<\/div>\n\t\t\t\t<\/div>\n\t\t\t\t\t<\/div>\n\t\t<\/div>\n\t\t\t\t\t<\/div>\n\t\t<\/section>\n\t\t\t\t<section class=\"elementor-section elementor-top-section elementor-element elementor-element-ae76e69 elementor-section-boxed elementor-section-height-default elementor-section-height-default\" data-id=\"ae76e69\" data-element_type=\"section\">\n\t\t\t\t\t\t<div class=\"elementor-container elementor-column-gap-default\">\n\t\t\t\t\t<div class=\"elementor-column elementor-col-100 elementor-top-column elementor-element elementor-element-20f4185\" data-id=\"20f4185\" data-element_type=\"column\">\n\t\t\t<div class=\"elementor-widget-wrap elementor-element-populated\">\n\t\t\t\t\t\t<div class=\"elementor-element elementor-element-2679aeb elementor-widget elementor-widget-shortcode\" data-id=\"2679aeb\" data-element_type=\"widget\" data-widget_type=\"shortcode.default\">\n\t\t\t\t<div class=\"elementor-widget-container\">\n\t\t\t\t\t\t\t<div class=\"elementor-shortcode\">\t\t<div data-elementor-type=\"section\" data-elementor-id=\"823\" class=\"elementor elementor-823 elementor-66\" data-elementor-post-type=\"elementor_library\">\n\t\t\t\t\t<section class=\"elementor-section elementor-top-section elementor-element elementor-element-df7ecd3 elementor-section-boxed elementor-section-height-default elementor-section-height-default\" data-id=\"df7ecd3\" data-element_type=\"section\">\n\t\t\t\t\t\t<div class=\"elementor-container elementor-column-gap-default\">\n\t\t\t\t\t<div class=\"elementor-column elementor-col-100 elementor-top-column elementor-element elementor-element-cc2cfcb\" data-id=\"cc2cfcb\" data-element_type=\"column\">\n\t\t\t<div class=\"elementor-widget-wrap elementor-element-populated\">\n\t\t\t\t\t\t<section class=\"elementor-section elementor-inner-section elementor-element elementor-element-6e506f4 elementor-section-boxed elementor-section-height-default elementor-section-height-default\" data-id=\"6e506f4\" data-element_type=\"section\">\n\t\t\t\t\t\t<div class=\"elementor-container elementor-column-gap-default\">\n\t\t\t\t\t<div class=\"elementor-column elementor-col-50 elementor-inner-column elementor-element elementor-element-da6bfe0\" data-id=\"da6bfe0\" data-element_type=\"column\" data-settings=\"{&quot;background_background&quot;:&quot;classic&quot;}\">\n\t\t\t<div class=\"elementor-widget-wrap elementor-element-populated\">\n\t\t\t\t\t\t<div class=\"elementor-element elementor-element-d8e5831 elementor-widget elementor-widget-spacer\" data-id=\"d8e5831\" data-element_type=\"widget\" data-widget_type=\"spacer.default\">\n\t\t\t\t<div class=\"elementor-widget-container\">\n\t\t\t\t\t\t\t<div class=\"elementor-spacer\">\n\t\t\t<div class=\"elementor-spacer-inner\"><\/div>\n\t\t<\/div>\n\t\t\t\t\t\t<\/div>\n\t\t\t\t<\/div>\n\t\t\t\t\t<\/div>\n\t\t<\/div>\n\t\t\t\t<div class=\"elementor-column elementor-col-50 elementor-inner-column elementor-element elementor-element-535d1c4\" data-id=\"535d1c4\" data-element_type=\"column\">\n\t\t\t<div class=\"elementor-widget-wrap elementor-element-populated\">\n\t\t\t\t\t\t<section class=\"elementor-section elementor-inner-section elementor-element elementor-element-ee2344d elementor-hidden-desktop elementor-hidden-tablet elementor-hidden-mobile elementor-section-boxed elementor-section-height-default elementor-section-height-default\" data-id=\"ee2344d\" data-element_type=\"section\">\n\t\t\t\t\t\t<div class=\"elementor-container elementor-column-gap-default\">\n\t\t\t\t\t<div class=\"elementor-column elementor-col-50 elementor-inner-column elementor-element elementor-element-7308e03\" data-id=\"7308e03\" data-element_type=\"column\">\n\t\t\t<div class=\"elementor-widget-wrap elementor-element-populated\">\n\t\t\t\t\t\t<div class=\"elementor-element elementor-element-6d140d8 elementor-widget elementor-widget-image\" data-id=\"6d140d8\" data-element_type=\"widget\" data-widget_type=\"image.default\">\n\t\t\t\t<div class=\"elementor-widget-container\">\n\t\t\t\t\t\t\t\t\t\t\t\t\t\t\t<img decoding=\"async\" width=\"21\" height=\"28\" src=\"https:\/\/www.denkende-haende.de\/wp-content\/uploads\/2025\/03\/XMLID_264_.png\" class=\"attachment-large size-large wp-image-824\" alt=\"\" \/>\t\t\t\t\t\t\t\t\t\t\t\t\t\t\t<\/div>\n\t\t\t\t<\/div>\n\t\t\t\t\t<\/div>\n\t\t<\/div>\n\t\t\t\t<div class=\"elementor-column elementor-col-50 elementor-inner-column elementor-element elementor-element-02a91cf\" data-id=\"02a91cf\" data-element_type=\"column\">\n\t\t\t<div class=\"elementor-widget-wrap elementor-element-populated\">\n\t\t\t\t\t\t<div class=\"elementor-element elementor-element-a32d21a elementor-widget elementor-widget-heading\" data-id=\"a32d21a\" data-element_type=\"widget\" data-widget_type=\"heading.default\">\n\t\t\t\t<div class=\"elementor-widget-container\">\n\t\t\t\t\t<h2 class=\"elementor-heading-title elementor-size-default\">Escr\u00edbenos<\/h2>\t\t\t\t<\/div>\n\t\t\t\t<\/div>\n\t\t\t\t\t<\/div>\n\t\t<\/div>\n\t\t\t\t\t<\/div>\n\t\t<\/section>\n\t\t\t\t<div class=\"elementor-element elementor-element-6637dfb elementor-widget__width-initial elementor-widget-tablet__width-initial elementor-widget elementor-widget-heading\" data-id=\"6637dfb\" data-element_type=\"widget\" data-widget_type=\"heading.default\">\n\t\t\t\t<div class=\"elementor-widget-container\">\n\t\t\t\t\t<h2 class=\"elementor-heading-title elementor-size-default\">  Espero tu mensaje<\/h2>\t\t\t\t<\/div>\n\t\t\t\t<\/div>\n\t\t\t\t<div class=\"elementor-element elementor-element-a37d19b elementor-widget__width-initial elementor-mobile-button-align-start elementor-widget-tablet__width-initial elementor-button-align-stretch elementor-widget elementor-widget-form\" data-id=\"a37d19b\" data-element_type=\"widget\" data-settings=\"{&quot;button_width&quot;:&quot;25&quot;,&quot;step_next_label&quot;:&quot;Siguiente&quot;,&quot;step_previous_label&quot;:&quot;Anterior&quot;,&quot;step_type&quot;:&quot;number_text&quot;,&quot;step_icon_shape&quot;:&quot;circle&quot;}\" data-widget_type=\"form.default\">\n\t\t\t\t<div class=\"elementor-widget-container\">\n\t\t\t\t\t\t\t<form class=\"elementor-form\" method=\"post\" name=\"Nuevo formulario\" aria-label=\"Nuevo formulario\">\n\t\t\t<input type=\"hidden\" name=\"post_id\" value=\"823\"\/>\n\t\t\t<input type=\"hidden\" name=\"form_id\" value=\"a37d19b\"\/>\n\t\t\t<input type=\"hidden\" name=\"referer_title\" value=\"Terapias para la curaci\u00f3n y la transformaci\u00f3n hol\u00edsticas\" \/>\n\n\t\t\t\t\t\t\t<input type=\"hidden\" name=\"queried_id\" value=\"802\"\/>\n\t\t\t\n\t\t\t<div class=\"elementor-form-fields-wrapper elementor-labels-above\">\n\t\t\t\t\t\t\t\t<div class=\"elementor-field-type-text elementor-field-group elementor-column elementor-field-group-name elementor-col-50\">\n\t\t\t\t\t\t\t\t\t\t\t\t<label for=\"form-field-name\" class=\"elementor-field-label\">\n\t\t\t\t\t\t\t\tTu nombre\t\t\t\t\t\t\t<\/label>\n\t\t\t\t\t\t\t\t\t\t\t\t\t\t<input size=\"1\" type=\"text\" name=\"form_fields[name]\" id=\"form-field-name\" class=\"elementor-field elementor-size-lg  elementor-field-textual\" placeholder=\"Introduce tu nombre\">\n\t\t\t\t\t\t\t\t\t\t\t<\/div>\n\t\t\t\t\t\t\t\t<div class=\"elementor-field-type-email elementor-field-group elementor-column elementor-field-group-email elementor-col-50 elementor-field-required\">\n\t\t\t\t\t\t\t\t\t\t\t\t<label for=\"form-field-email\" class=\"elementor-field-label\">\n\t\t\t\t\t\t\t\tTu e-mail\t\t\t\t\t\t\t<\/label>\n\t\t\t\t\t\t\t\t\t\t\t\t\t\t<input size=\"1\" type=\"email\" name=\"form_fields[email]\" id=\"form-field-email\" class=\"elementor-field elementor-size-lg  elementor-field-textual\" placeholder=\"Introduce tu e-mail\" required=\"required\">\n\t\t\t\t\t\t\t\t\t\t\t<\/div>\n\t\t\t\t\t\t\t\t<div class=\"elementor-field-type-textarea elementor-field-group elementor-column elementor-field-group-message elementor-col-100\">\n\t\t\t\t\t\t\t\t\t\t\t\t<label for=\"form-field-message\" class=\"elementor-field-label\">\n\t\t\t\t\t\t\t\tTu mensaje\t\t\t\t\t\t\t<\/label>\n\t\t\t\t\t\t<textarea class=\"elementor-field-textual elementor-field  elementor-size-lg\" name=\"form_fields[message]\" id=\"form-field-message\" rows=\"4\" placeholder=\"Introduce tu mensaje\"><\/textarea>\t\t\t\t<\/div>\n\t\t\t\t\t\t\t\t<div class=\"elementor-field-type-acceptance elementor-field-group elementor-column elementor-field-group-field_18ca8a8 elementor-col-100 elementor-field-required\">\n\t\t\t\t\t\t\t<div class=\"elementor-field-subgroup\">\n\t\t\t<span class=\"elementor-field-option\">\n\t\t\t\t<input type=\"checkbox\" name=\"form_fields[field_18ca8a8]\" id=\"form-field-field_18ca8a8\" class=\"elementor-field elementor-size-lg  elementor-acceptance-field\" required=\"required\">\n\t\t\t\t<label for=\"form-field-field_18ca8a8\">Consiento el tratamiento de mis datos personales de acuerdo con la pol\u00edtica de privacidad.<\/label>\t\t\t<\/span>\n\t\t<\/div>\n\t\t\t\t\t\t<\/div>\n\t\t\t\t\t\t\t\t<div class=\"elementor-field-group elementor-column elementor-field-type-submit elementor-col-25 e-form__buttons\">\n\t\t\t\t\t<button class=\"elementor-button elementor-size-sm elementor-animation-shrink\" type=\"submit\">\n\t\t\t\t\t\t<span class=\"elementor-button-content-wrapper\">\n\t\t\t\t\t\t\t\t\t\t\t\t\t\t\t\t\t\t\t\t\t\t<span class=\"elementor-button-text\">ENVIAR<\/span>\n\t\t\t\t\t\t\t\t\t\t\t\t\t<\/span>\n\t\t\t\t\t<\/button>\n\t\t\t\t<\/div>\n\t\t\t<\/div>\n\t\t<\/form>\n\t\t\t\t\t\t<\/div>\n\t\t\t\t<\/div>\n\t\t\t\t\t<\/div>\n\t\t<\/div>\n\t\t\t\t\t<\/div>\n\t\t<\/section>\n\t\t\t\t\t<\/div>\n\t\t<\/div>\n\t\t\t\t\t<\/div>\n\t\t<\/section>\n\t\t\t\t<\/div>\n\t\t<\/div>\n\t\t\t\t\t\t<\/div>\n\t\t\t\t<\/div>\n\t\t\t\t\t<\/div>\n\t\t<\/div>\n\t\t\t\t\t<\/div>\n\t\t<\/section>\n\t\t\t\t<\/div>\n\t\t","protected":false},"excerpt":{"rendered":"<p>Integraci\u00f3n Neurofuncional y Psicosom\u00e1tica Neurointegrativa &#8211; Terapia Hol\u00edstica Contacta con nosotros Medicina neurointegrativa \/ psicosom\u00e1tica neurointegrativa La integraci\u00f3n neurofuncional (NeuroFi) es un enfoque terap\u00e9utico hol\u00edstico que sit\u00faa el sistema nervioso en el centro del diagn\u00f3stico y el tratamiento. Este m\u00e9todo se basa en la constataci\u00f3n de que el sistema nervioso controla y coordina todas las [&hellip;]<\/p>\n","protected":false},"author":1,"featured_media":0,"parent":0,"menu_order":0,"comment_status":"closed","ping_status":"closed","template":"","meta":{"footnotes":""},"class_list":["post-780","page","type-page","status-publish","hentry"],"_links":{"self":[{"href":"https:\/\/www.denkende-haende.de\/es\/wp-json\/wp\/v2\/pages\/780","targetHints":{"allow":["GET"]}}],"collection":[{"href":"https:\/\/www.denkende-haende.de\/es\/wp-json\/wp\/v2\/pages"}],"about":[{"href":"https:\/\/www.denkende-haende.de\/es\/wp-json\/wp\/v2\/types\/page"}],"author":[{"embeddable":true,"href":"https:\/\/www.denkende-haende.de\/es\/wp-json\/wp\/v2\/users\/1"}],"replies":[{"embeddable":true,"href":"https:\/\/www.denkende-haende.de\/es\/wp-json\/wp\/v2\/comments?post=780"}],"version-history":[{"count":5,"href":"https:\/\/www.denkende-haende.de\/es\/wp-json\/wp\/v2\/pages\/780\/revisions"}],"predecessor-version":[{"id":1244,"href":"https:\/\/www.denkende-haende.de\/es\/wp-json\/wp\/v2\/pages\/780\/revisions\/1244"}],"wp:attachment":[{"href":"https:\/\/www.denkende-haende.de\/es\/wp-json\/wp\/v2\/media?parent=780"}],"curies":[{"name":"wp","href":"https:\/\/api.w.org\/{rel}","templated":true}]}}