{"id":879,"date":"2025-03-26T13:01:10","date_gmt":"2025-03-26T13:01:10","guid":{"rendered":"https:\/\/www.denkende-haende.de\/imprint\/"},"modified":"2025-04-16T09:40:13","modified_gmt":"2025-04-16T09:40:13","slug":"imprint","status":"publish","type":"page","link":"https:\/\/www.denkende-haende.de\/en\/imprint\/","title":{"rendered":"Imprint"},"content":{"rendered":"\t\t<div data-elementor-type=\"wp-page\" data-elementor-id=\"879\" class=\"elementor elementor-879 elementor-258\" data-elementor-post-type=\"page\">\n\t\t\t\t\t\t<section class=\"elementor-section elementor-top-section elementor-element elementor-element-9a58d3e elementor-section-height-min-height elementor-section-boxed elementor-section-height-default elementor-section-items-middle\" data-id=\"9a58d3e\" data-element_type=\"section\" data-settings=\"{&quot;background_background&quot;:&quot;classic&quot;}\">\n\t\t\t\t\t\t<div class=\"elementor-container elementor-column-gap-default\">\n\t\t\t\t\t<div class=\"elementor-column elementor-col-100 elementor-top-column elementor-element elementor-element-4b635b9\" data-id=\"4b635b9\" data-element_type=\"column\">\n\t\t\t<div class=\"elementor-widget-wrap elementor-element-populated\">\n\t\t\t\t\t\t<div class=\"elementor-element elementor-element-f1bade4 elementor-widget elementor-widget-heading\" data-id=\"f1bade4\" data-element_type=\"widget\" data-widget_type=\"heading.default\">\n\t\t\t\t<div class=\"elementor-widget-container\">\n\t\t\t\t\t<h2 class=\"elementor-heading-title elementor-size-default\">Imprint<\/h2>\t\t\t\t<\/div>\n\t\t\t\t<\/div>\n\t\t\t\t\t<\/div>\n\t\t<\/div>\n\t\t\t\t\t<\/div>\n\t\t<\/section>\n\t\t\t\t<section class=\"elementor-section elementor-top-section elementor-element elementor-element-b440306 elementor-section-boxed elementor-section-height-default elementor-section-height-default\" data-id=\"b440306\" data-element_type=\"section\">\n\t\t\t\t\t\t<div class=\"elementor-container elementor-column-gap-default\">\n\t\t\t\t\t<div class=\"elementor-column elementor-col-100 elementor-top-column elementor-element elementor-element-a30af4f\" data-id=\"a30af4f\" data-element_type=\"column\">\n\t\t\t<div class=\"elementor-widget-wrap elementor-element-populated\">\n\t\t\t\t\t\t<div class=\"elementor-element elementor-element-6651409 elementor-widget__width-initial elementor-widget elementor-widget-text-editor\" data-id=\"6651409\" data-element_type=\"widget\" data-widget_type=\"text-editor.default\">\n\t\t\t\t<div class=\"elementor-widget-container\">\n\t\t\t\t\t\t\t\t\t<h3>Information according to \u00a7 5 TMG<\/h3><h4> <\/h4><h4>Provider<\/h4><p>Sylvia Kr\u00fcger<br><a href=\"https:\/\/www.denkende-haende.de\/\" target=\"_blank\" rel=\"noopener\">Praxis Denkende H\u00e4nde<\/a><br>Rheingoldstra\u00dfe 75<br>68199 Mannheim<br>Germany<\/p><p>Mobile: +49 (0) 174 \/ 313 7881<br>E-mail: <a href=\"mailto:sylvia@psy-coaching.de\">sylvia@psy-coaching.de<\/a><br>Website: <a href=\"http:\/\/www.psy-coaching.de\/\" target=\"_blank\" rel=\"noopener\">www.psy-coaching.de<\/a><\/p><p> <\/p><h4>Job title<\/h4><p>Alternative practitioner (awarded in Germany in 2010)<\/p><p> <\/p><h4>Legal basis<\/h4><p>Practice of the activity in accordance with the &#8220;Berufsordnung f\u00fcr Heilpraktiker&#8221; (BOH) and the &#8220;Gesetz \u00fcber die berufsm\u00e4\u00dfige Aus\u00fcbung der Heilkunde ohne Bestallung&#8221; (Heilpraktikergesetz).<br>Law on the professional practice of medicine without a medical license (Heilpraktikergesetz) and implementing ordinance:<\/p><p><a href=\"http:\/\/www.gesetze-im-internet.de\/heilprg\/index.html\" target=\"_blank\" rel=\"noopener\">http:\/\/www.gesetze-im-internet.de\/heilprg\/index.html<\/a><br><a href=\"http:\/\/www.gesetze-im-internet.de\/heilprgdv_1\/index.html\" target=\"_blank\" rel=\"noopener\">http:\/\/www.gesetze-im-internet.de\/heilprgdv_1\/index.html<\/a><\/p><p> <\/p><h4>Competent supervisory authority<\/h4><p>Karlsruhe Health Department, Wolfartsweierer Str. 5b, 76131 Karlsruhe,<br><a href=\"https:\/\/www.landkreis-karlsruhe.de\/Service-Verwaltung\/Verwaltung\/Dezernate-%C3%84mter\/Recht-Ordnung\/Gesundheitsamt\/\" target=\"_blank\" rel=\"noopener\">https:\/\/www.landkreis-karlsruhe.de\/Service-Verwaltung\/Verwaltung\/Dezernate-\u00c4mter\/Recht-Ordnung\/Gesundheitsamt\/<\/a><\/p><p> <\/p><h4>Information on professional liability insurance<\/h4><p>Name and registered office of the insurer:<br>Die Continentale Versicherung AG, Ruhrallee 92, 44139 Dortmund<\/p><p>Area of validity of the insurance:<br>Federal Republic of Germany<\/p><p> <\/p><h4>Data protection<\/h4><p>Detailed information on the subject of data protection can be found in the <a href=\"https:\/\/www.psy-coaching.de\/datenschutz\/\" target=\"_blank\" rel=\"noopener\">privacy policy<\/a>.<\/p><p> <\/p><h4>Image sources<\/h4><p>Images from image databases &#8211; so-called stock photos &#8211; are also used on this website. These were licensed by the designer of this website and used as part of the project. In order to ensure clear attribution of the images, the source information has been placed directly on the image wherever possible.  <\/p>\t\t\t\t\t\t\t\t<\/div>\n\t\t\t\t<\/div>\n\t\t\t\t\t<\/div>\n\t\t<\/div>\n\t\t\t\t\t<\/div>\n\t\t<\/section>\n\t\t\t\t<\/div>\n\t\t","protected":false},"excerpt":{"rendered":"<p>Imprint Information according to \u00a7 5 TMG Provider Sylvia Kr\u00fcgerPraxis Denkende H\u00e4ndeRheingoldstra\u00dfe 7568199 MannheimGermany Mobile: +49 (0) 174 \/ 313 7881E-mail: sylvia@psy-coaching.deWebsite: www.psy-coaching.de Job title Alternative practitioner (awarded in Germany in 2010) Legal basis Practice of the activity in accordance with the &#8220;Berufsordnung f\u00fcr Heilpraktiker&#8221; (BOH) and the &#8220;Gesetz \u00fcber die berufsm\u00e4\u00dfige Aus\u00fcbung der Heilkunde [&hellip;]<\/p>\n","protected":false},"author":1,"featured_media":0,"parent":0,"menu_order":0,"comment_status":"closed","ping_status":"closed","template":"","meta":{"footnotes":""},"class_list":["post-879","page","type-page","status-publish","hentry"],"_links":{"self":[{"href":"https:\/\/www.denkende-haende.de\/en\/wp-json\/wp\/v2\/pages\/879","targetHints":{"allow":["GET"]}}],"collection":[{"href":"https:\/\/www.denkende-haende.de\/en\/wp-json\/wp\/v2\/pages"}],"about":[{"href":"https:\/\/www.denkende-haende.de\/en\/wp-json\/wp\/v2\/types\/page"}],"author":[{"embeddable":true,"href":"https:\/\/www.denkende-haende.de\/en\/wp-json\/wp\/v2\/users\/1"}],"replies":[{"embeddable":true,"href":"https:\/\/www.denkende-haende.de\/en\/wp-json\/wp\/v2\/comments?post=879"}],"version-history":[{"count":1,"href":"https:\/\/www.denkende-haende.de\/en\/wp-json\/wp\/v2\/pages\/879\/revisions"}],"predecessor-version":[{"id":880,"href":"https:\/\/www.denkende-haende.de\/en\/wp-json\/wp\/v2\/pages\/879\/revisions\/880"}],"wp:attachment":[{"href":"https:\/\/www.denkende-haende.de\/en\/wp-json\/wp\/v2\/media?parent=879"}],"curies":[{"name":"wp","href":"https:\/\/api.w.org\/{rel}","templated":true}]}}